{"id":2938,"date":"2020-07-07T00:00:48","date_gmt":"2020-07-07T04:00:48","guid":{"rendered":"https:\/\/amjmove.com\/about-amj\/franchise\/"},"modified":"2021-04-11T20:16:05","modified_gmt":"2021-04-12T00:16:05","slug":"franchise","status":"publish","type":"page","link":"https:\/\/amj.com\/fr\/about-amj\/franchise\/","title":{"rendered":"AMJ Family"},"content":{"rendered":"<section class=\"hide-for-large section long-text-hero long-text-hero--default long-text-hero--num-false\">\n  <div class=\"row\">\n    <div class=\"column\">\n                        <h1>D\u00e9veloppez l\u2019entreprise que vous m\u00e9ritez<\/h1>\n                  <\/div>\n  <\/div>\n<\/section>\n<section class=\"section long-text-hero long-text-hero--default long-text-hero--num-false default\">\n  <div class=\"row\">\n    <div class=\"column\">\n      <div class=\"long-text-hero__inner\">\n        <div class=\"long-text-hero__left\">\n                                    <h1 class=\"show-for-large\">D\u00e9veloppez l\u2019entreprise que vous m\u00e9ritez<\/h1>\n                                            <div class=\"long-text-hero__left__intro\"><p>La famille AMJ est compos\u00e9e de personnes ambitieuses, ayant \u00e0 c\u0153ur d\u2019offrir un service exceptionnel et personnalis\u00e9 \u00e0 nos clients, nos employ\u00e9s et nos communaut\u00e9s. C\u2019est pourquoi des d\u00e9m\u00e9nageurs, des leaders et des entrepreneurs dynamiques, qui partagent nos valeurs, se tournent vers AMJ en vue de profiter d\u2019opportunit\u00e9s de franchise qui leur permettront de faire une diff\u00e9rence dans leur communaut\u00e9, leur entreprise et leur carri\u00e8re. Pensez-vous r\u00e9pondre \u00e0 ces crit\u00e8res?<\/p>\n<p>Nous avons \u00e0 c\u0153ur de soutenir des professionnels ambitieux qui croient en ce que nous faisons \u2014 ensemble. Voici comment vous pouvez jouer un r\u00f4le de premier plan en tant que franchis\u00e9 d\u2019AMJ :<\/p>\n<p>\u2022\tTirez profit des leaders et partenaires de l\u2019industrie qui font partie du r\u00e9seau professionnel \u00e9tabli depuis longtemps par AMJ.<\/p>\n<p>\u2022\tParticipez au programme national de commandite d\u2019AMJ \u2014 nous sommes les d\u00e9m\u00e9nageurs officiels de plusieurs \u00e9quipes et ligues sportives au Canada et un partenaire majeur du Panth\u00e9on des sports canadiens et de la Fondation d\u2019aide \u00e0 l\u2019enfance du Canada.<\/p>\n<p>\u2022\tProfitez des relations privil\u00e9gi\u00e9es d\u2019AMJ avec l\u2019entreprise canadienne de d\u00e9m\u00e9nagement de renomm\u00e9e, Atlas Canada.<\/p>\n<p>\u2022\tTirez profit des solutions cl\u00e9 en main pour la logistique initiale, le travail pr\u00e9paratoire et la planification.<\/p>\n<p>\u2022\tProfitez des programmes solides d\u2019AMJ en marketing, technologie num\u00e9rique, TI et comptabilit\u00e9 dans le cadre du soutien continu que nous vous apportons<\/p>\n<\/div>\n                                <br><br>\n            <a class=\"amj-btn amj-btn--pill\"  target=\"_blank\" rel=\"nofollow\"  href=\"\/fr\/contact-us\">Discutons des possibilit\u00e9s de franchise <\/a>\r\n  \r\n                            <\/div>\n        <div class=\"long-text-hero__right \">\n                      <div class=\"long-text-hero__image shadow\">\n              <img decoding=\"async\" data-src=\"https:\/\/amj.com\/wp-content\/uploads\/2020\/09\/AMJ_Family_Crop_1-1.jpg\" alt=\"AMJ Francise carrying empty moving boxes\" aria-role=\"presentation\" role=\"presentation\" src=\"data:image\/svg+xml;base64,PHN2ZyB3aWR0aD0iMSIgaGVpZ2h0PSIxIiB4bWxucz0iaHR0cDovL3d3dy53My5vcmcvMjAwMC9zdmciPjwvc3ZnPg==\" class=\"lazyload\" style=\"--smush-placeholder-width: 1396px; --smush-placeholder-aspect-ratio: 1396\/1240;\">\n            <\/div>\n                                      <\/div>\n      <\/div>\n    <\/div>\n  <\/div>\n<\/section>\n\n\n<section class=\"section ff\">\n  <div class=\"ff__intro\">\n          <h2>Nous assurons vos arri\u00e8res<\/h2>\n              <p>Le soutien continu offert par AMJ en mati\u00e8re de formation dans le cadre d\u2019une franchise inclut la collaboration avec des partenaires de longue date, ainsi que des d\u00e9taillants et fournisseurs privil\u00e9gi\u00e9s pour assurer votre r\u00e9ussite en tant que leader au sein d\u2019AMJ. Nous sommes vos co\u00e9quipiers et nous en sommes fiers<\/p>\n              <div class=\"ff__intro__images\">\n                  <img  data-src=\"https:\/\/amj.com\/wp-content\/uploads\/2020\/09\/AMJ_Family_Crop_2.jpg\" data-srcset=\"https:\/\/amj.com\/wp-content\/uploads\/2020\/09\/AMJ_Family_Crop_2.jpg 1x\" alt=\"\" class=\"lazy\" loading=\"lazy\">\n                  <img  data-src=\"https:\/\/amj.com\/wp-content\/uploads\/2020\/09\/AMJ_Family_Crop_3.jpg\" data-srcset=\"https:\/\/amj.com\/wp-content\/uploads\/2020\/09\/AMJ_Family_Crop_3.jpg 1x\" alt=\"\" class=\"lazy\" loading=\"lazy\">\n                  <img  data-src=\"https:\/\/amj.com\/wp-content\/uploads\/2020\/09\/AMJ_Family_Crop_4.jpg\" data-srcset=\"https:\/\/amj.com\/wp-content\/uploads\/2020\/09\/AMJ_Family_Crop_4.jpg 1x\" alt=\"\" class=\"lazy\" loading=\"lazy\">\n                  <img  data-src=\"https:\/\/amj.com\/wp-content\/uploads\/2020\/09\/AMJ_Family_Crop_5.jpg\" data-srcset=\"https:\/\/amj.com\/wp-content\/uploads\/2020\/09\/AMJ_Family_Crop_5.jpg 1x\" alt=\"\" class=\"lazy\" loading=\"lazy\">\n              <\/div>\n      <\/div>\n  <div class=\"row\">\n    <div class=\"column\">\n      <div class=\"ff__main\">\n        <div class=\"ff__main__left\">\n                      <h3 class=\"like-h2\">\u00cates-vous le prochain franchis\u00e9 d\u2019AMJ?<\/h3>\n                                <p>Nous aimons parler affaires avec les bonnes personnes. \u00c0 l\u2019heure actuelle, AMJ est \u00e0 la recherche de franchis\u00e9s qui se joindront \u00e0 la famille et superviseront les activit\u00e9s dans les Territoires-du-Nord-Ouest, \u00e0 Red Deer, Alberta et aux \u00c9tats-Unis dans le cadre d\u2019une entente de 10 ans. Avec des frais de marketing comp\u00e9titifs et un espace d\u2019entreposage, cela pourrait \u00eatre vous.<\/p>\n                  <\/div>\n        <div class=\"ff__main__right\">\n                      <div class=\"ff__map\">\n              <img  data-src=\"https:\/\/amj.com\/wp-content\/uploads\/2020\/07\/Map.svg\" data-srcset=\"https:\/\/amj.com\/wp-content\/uploads\/2020\/07\/Map.svg 1x\" alt=\"\" class=\"lazy\" loading=\"lazy\">\n            <\/div>\n                                <div class=\"ff__stats\">\n                              <div class=\"ff__stats__item\">\n                  <span class=\"like-h2\">Soutien<\/span>\n                  <span class=\"like-h4\">CONTINU<\/span>\n                <\/div>\n                              <div class=\"ff__stats__item\">\n                  <span class=\"like-h2\">Formation<\/span>\n                  <span class=\"like-h4\">SP\u00c9CIALIS\u00c9E<\/span>\n                <\/div>\n                              <div class=\"ff__stats__item\">\n                  <span class=\"like-h2\">Partenaires<\/span>\n                  <span class=\"like-h4\">RESPONSABLES<\/span>\n                <\/div>\n                          <\/div>\n                  <\/div>\n      <\/div>\n\n    <\/div>\n  <\/div>\n<\/section>\n\n\n<section class=\"section logos\">\n  <div class=\"row\">\n    <div class=\"column\">\n              <h2>Nos Partenaires<\/h3>\n            <div class=\"logos__inner\">\n                  <img  data-src=\"https:\/\/amj.com\/wp-content\/uploads\/2020\/07\/S1@2x.jpg\" data-srcset=\"https:\/\/amj.com\/wp-content\/uploads\/2020\/07\/S1@2x.jpg 1x\" alt=\"CAA Rewards Logo\" class=\"lazy\" loading=\"lazy\">\n                  <img  data-src=\"https:\/\/amj.com\/wp-content\/uploads\/2020\/07\/S2@2x.jpg\" data-srcset=\"https:\/\/amj.com\/wp-content\/uploads\/2020\/07\/S2@2x.jpg 1x\" alt=\"Aeroplan Logo\" class=\"lazy\" loading=\"lazy\">\n                  <img  data-src=\"https:\/\/amj.com\/wp-content\/uploads\/2020\/07\/S3@2x.jpg\" data-srcset=\"https:\/\/amj.com\/wp-content\/uploads\/2020\/07\/S3@2x.jpg 1x\" alt=\"\" class=\"lazy\" loading=\"lazy\">\n                  <img  data-src=\"https:\/\/amj.com\/wp-content\/uploads\/2020\/07\/S5@2x.jpg\" data-srcset=\"https:\/\/amj.com\/wp-content\/uploads\/2020\/07\/S5@2x.jpg 1x\" alt=\"Atlas Logo\" class=\"lazy\" loading=\"lazy\">\n                  <img  data-src=\"https:\/\/amj.com\/wp-content\/uploads\/2020\/09\/CHILDERNAID_LOGO_MODULE.jpg\" data-srcset=\"https:\/\/amj.com\/wp-content\/uploads\/2020\/09\/CHILDERNAID_LOGO_MODULE.jpg 1x\" alt=\"Stand Up for Kids logo\" class=\"lazy\" loading=\"lazy\">\n              <\/div>\n    <\/div>\n  <\/div>\n<\/section>\n\n\n<section class=\"section footer-cta footer-cta--splash  \">\n      <div class=\"footer-cta__splash\">\n              <div class=\"footer-cta__splash__bg  footer-cta__splash__bg--parallax lazyload\"  style=\"background-image:inherit\"  data-bg-image=\"url(&#039;https:\/\/amj.com\/wp-content\/uploads\/2020\/09\/AMJ_Background_Parallax_Full_1.png&#039;)\">\n          <img  data-src=\"https:\/\/amj.com\/wp-content\/uploads\/2020\/09\/AMJ_Background_Parallax_Full_1.png\" data-srcset=\"https:\/\/amj.com\/wp-content\/uploads\/2020\/09\/AMJ_Background_Parallax_Full_1.png 1x\" alt=\"Toronto West Movers\" class=\"lazy\" loading=\"lazy\">\n        <\/div>\n            <div class=\"footer-cta__splash__content\">\n                  <h2>Faites partie de quelque chose de grand<\/h2>\n                          <div class=\"footer-cta__splash__content__text\"><p>Votre succ\u00e8s est aussi le n\u00f4tre. C\u2019est ce qu\u2019on appelle une \u00e9quipe gagnante.<\/p>\n<\/div>\n                          <a class=\"amj-btn amj-btn--pill\"  target=\"_blank\" rel=\"nofollow\"  href=\"\/fr\/contact-us\">Renseignez-vous aupr\u00e8s d\u2019AMJ sur les possibilit\u00e9s de franchises  <\/a>\r\n  \r\n              <\/div>\n    <\/div>\n    <\/section>\n","protected":false},"excerpt":{"rendered":"","protected":false},"author":15,"featured_media":0,"parent":2935,"menu_order":0,"comment_status":"closed","ping_status":"closed","template":"","meta":{"_acf_changed":false,"footnotes":""},"class_list":["post-2938","page","type-page","status-publish","hentry"],"acf":[],"yoast_head":"<!-- This site is optimized with the Yoast SEO Premium plugin v25.2 (Yoast SEO v27.3) - https:\/\/yoast.com\/product\/yoast-seo-premium-wordpress\/ -->\n<title>AMJ Family - Canada&#039;s #1 Moving Company | Stress-Free Moving Services<\/title>\n<meta name=\"description\" content=\"Le r\u00e9seau de franchis\u00e9 d&#039;AMJ b\u00e9n\u00e9ficie de soutien continu, d&#039;une formation sp\u00e9cialis\u00e9e et de partenaires responsables.\" \/>\n<meta name=\"robots\" content=\"index, follow, max-snippet:-1, max-image-preview:large, max-video-preview:-1\" \/>\n<link rel=\"canonical\" href=\"https:\/\/amj.com\/fr\/about-amj\/franchise\/\" \/>\n<meta property=\"og:locale\" content=\"fr_FR\" \/>\n<meta property=\"og:type\" content=\"article\" \/>\n<meta property=\"og:title\" content=\"AMJ Family\" \/>\n<meta property=\"og:url\" content=\"https:\/\/amj.com\/fr\/about-amj\/franchise\/\" \/>\n<meta property=\"og:site_name\" content=\"Canada&#039;s #1 Moving Company | Stress-Free Moving Services\" \/>\n<meta property=\"article:publisher\" content=\"https:\/\/www.facebook.com\/AMJCampbellMoving\/\" \/>\n<meta property=\"article:modified_time\" content=\"2021-04-12T00:16:05+00:00\" \/>\n<meta name=\"twitter:card\" content=\"summary_large_image\" \/>\n<meta name=\"twitter:site\" content=\"@amjcampbell\" \/>\n<script type=\"application\/ld+json\" class=\"yoast-schema-graph\">{\"@context\":\"https:\\\/\\\/schema.org\",\"@graph\":[{\"@type\":\"WebPage\",\"@id\":\"https:\\\/\\\/amj.com\\\/fr\\\/about-amj\\\/franchise\\\/\",\"url\":\"https:\\\/\\\/amj.com\\\/fr\\\/about-amj\\\/franchise\\\/\",\"name\":\"AMJ Family - Canada&#039;s #1 Moving Company | Stress-Free Moving Services\",\"isPartOf\":{\"@id\":\"https:\\\/\\\/amj.com\\\/fr\\\/#website\"},\"datePublished\":\"2020-07-07T04:00:48+00:00\",\"dateModified\":\"2021-04-12T00:16:05+00:00\",\"description\":\"Le r\u00e9seau de franchis\u00e9 d'AMJ b\u00e9n\u00e9ficie de soutien continu, d'une formation sp\u00e9cialis\u00e9e et de partenaires responsables.\",\"breadcrumb\":{\"@id\":\"https:\\\/\\\/amj.com\\\/fr\\\/about-amj\\\/franchise\\\/#breadcrumb\"},\"inLanguage\":\"fr-FR\",\"potentialAction\":[{\"@type\":\"ReadAction\",\"target\":[\"https:\\\/\\\/amj.com\\\/fr\\\/about-amj\\\/franchise\\\/\"]}]},{\"@type\":\"BreadcrumbList\",\"@id\":\"https:\\\/\\\/amj.com\\\/fr\\\/about-amj\\\/franchise\\\/#breadcrumb\",\"itemListElement\":[{\"@type\":\"ListItem\",\"position\":1,\"name\":\"Home\",\"item\":\"https:\\\/\\\/amj.com\\\/fr\\\/\"},{\"@type\":\"ListItem\",\"position\":2,\"name\":\"About AMJ\",\"item\":\"https:\\\/\\\/amj.com\\\/fr\\\/about-amj\\\/\"},{\"@type\":\"ListItem\",\"position\":3,\"name\":\"AMJ Family\"}]},{\"@type\":\"WebSite\",\"@id\":\"https:\\\/\\\/amj.com\\\/fr\\\/#website\",\"url\":\"https:\\\/\\\/amj.com\\\/fr\\\/\",\"name\":\"AMJ MOVE - CANADA'S LARGEST MOVER\",\"description\":\"Make Your Best Move\",\"publisher\":{\"@id\":\"https:\\\/\\\/amj.com\\\/fr\\\/#organization\"},\"potentialAction\":[{\"@type\":\"SearchAction\",\"target\":{\"@type\":\"EntryPoint\",\"urlTemplate\":\"https:\\\/\\\/amj.com\\\/fr\\\/?s={search_term_string}\"},\"query-input\":{\"@type\":\"PropertyValueSpecification\",\"valueRequired\":true,\"valueName\":\"search_term_string\"}}],\"inLanguage\":\"fr-FR\"},{\"@type\":\"Organization\",\"@id\":\"https:\\\/\\\/amj.com\\\/fr\\\/#organization\",\"name\":\"AMJ\",\"url\":\"https:\\\/\\\/amj.com\\\/fr\\\/\",\"logo\":{\"@type\":\"ImageObject\",\"inLanguage\":\"fr-FR\",\"@id\":\"https:\\\/\\\/amj.com\\\/fr\\\/#\\\/schema\\\/logo\\\/image\\\/\",\"url\":\"https:\\\/\\\/amj.com\\\/wp-content\\\/uploads\\\/2020\\\/09\\\/LOGO_NEW_EN.svg\",\"contentUrl\":\"https:\\\/\\\/amj.com\\\/wp-content\\\/uploads\\\/2020\\\/09\\\/LOGO_NEW_EN.svg\",\"width\":1,\"height\":1,\"caption\":\"AMJ\"},\"image\":{\"@id\":\"https:\\\/\\\/amj.com\\\/fr\\\/#\\\/schema\\\/logo\\\/image\\\/\"},\"sameAs\":[\"https:\\\/\\\/www.facebook.com\\\/AMJCampbellMoving\\\/\",\"https:\\\/\\\/x.com\\\/amjcampbell\",\"https:\\\/\\\/www.instagram.com\\\/amjcampbell\\\/\",\"https:\\\/\\\/www.linkedin.com\\\/company\\\/amjcampbell\\\/\",\"https:\\\/\\\/www.youtube.com\\\/c\\\/AmjtorontomovingOnt\\\/\"]}]}<\/script>\n<!-- \/ Yoast SEO Premium plugin. -->","yoast_head_json":{"title":"AMJ Family - Canada&#039;s #1 Moving Company | Stress-Free Moving Services","description":"Le r\u00e9seau de franchis\u00e9 d'AMJ b\u00e9n\u00e9ficie de soutien continu, d'une formation sp\u00e9cialis\u00e9e et de partenaires responsables.","robots":{"index":"index","follow":"follow","max-snippet":"max-snippet:-1","max-image-preview":"max-image-preview:large","max-video-preview":"max-video-preview:-1"},"canonical":"https:\/\/amj.com\/fr\/about-amj\/franchise\/","og_locale":"fr_FR","og_type":"article","og_title":"AMJ Family","og_url":"https:\/\/amj.com\/fr\/about-amj\/franchise\/","og_site_name":"Canada&#039;s #1 Moving Company | Stress-Free Moving Services","article_publisher":"https:\/\/www.facebook.com\/AMJCampbellMoving\/","article_modified_time":"2021-04-12T00:16:05+00:00","twitter_card":"summary_large_image","twitter_site":"@amjcampbell","schema":{"@context":"https:\/\/schema.org","@graph":[{"@type":"WebPage","@id":"https:\/\/amj.com\/fr\/about-amj\/franchise\/","url":"https:\/\/amj.com\/fr\/about-amj\/franchise\/","name":"AMJ Family - Canada&#039;s #1 Moving Company | Stress-Free Moving Services","isPartOf":{"@id":"https:\/\/amj.com\/fr\/#website"},"datePublished":"2020-07-07T04:00:48+00:00","dateModified":"2021-04-12T00:16:05+00:00","description":"Le r\u00e9seau de franchis\u00e9 d'AMJ b\u00e9n\u00e9ficie de soutien continu, d'une formation sp\u00e9cialis\u00e9e et de partenaires responsables.","breadcrumb":{"@id":"https:\/\/amj.com\/fr\/about-amj\/franchise\/#breadcrumb"},"inLanguage":"fr-FR","potentialAction":[{"@type":"ReadAction","target":["https:\/\/amj.com\/fr\/about-amj\/franchise\/"]}]},{"@type":"BreadcrumbList","@id":"https:\/\/amj.com\/fr\/about-amj\/franchise\/#breadcrumb","itemListElement":[{"@type":"ListItem","position":1,"name":"Home","item":"https:\/\/amj.com\/fr\/"},{"@type":"ListItem","position":2,"name":"About AMJ","item":"https:\/\/amj.com\/fr\/about-amj\/"},{"@type":"ListItem","position":3,"name":"AMJ Family"}]},{"@type":"WebSite","@id":"https:\/\/amj.com\/fr\/#website","url":"https:\/\/amj.com\/fr\/","name":"AMJ MOVE - CANADA'S LARGEST MOVER","description":"Make Your Best Move","publisher":{"@id":"https:\/\/amj.com\/fr\/#organization"},"potentialAction":[{"@type":"SearchAction","target":{"@type":"EntryPoint","urlTemplate":"https:\/\/amj.com\/fr\/?s={search_term_string}"},"query-input":{"@type":"PropertyValueSpecification","valueRequired":true,"valueName":"search_term_string"}}],"inLanguage":"fr-FR"},{"@type":"Organization","@id":"https:\/\/amj.com\/fr\/#organization","name":"AMJ","url":"https:\/\/amj.com\/fr\/","logo":{"@type":"ImageObject","inLanguage":"fr-FR","@id":"https:\/\/amj.com\/fr\/#\/schema\/logo\/image\/","url":"https:\/\/amj.com\/wp-content\/uploads\/2020\/09\/LOGO_NEW_EN.svg","contentUrl":"https:\/\/amj.com\/wp-content\/uploads\/2020\/09\/LOGO_NEW_EN.svg","width":1,"height":1,"caption":"AMJ"},"image":{"@id":"https:\/\/amj.com\/fr\/#\/schema\/logo\/image\/"},"sameAs":["https:\/\/www.facebook.com\/AMJCampbellMoving\/","https:\/\/x.com\/amjcampbell","https:\/\/www.instagram.com\/amjcampbell\/","https:\/\/www.linkedin.com\/company\/amjcampbell\/","https:\/\/www.youtube.com\/c\/AmjtorontomovingOnt\/"]}]}},"_links":{"self":[{"href":"https:\/\/amj.com\/fr\/wp-json\/wp\/v2\/pages\/2938","targetHints":{"allow":["GET"]}}],"collection":[{"href":"https:\/\/amj.com\/fr\/wp-json\/wp\/v2\/pages"}],"about":[{"href":"https:\/\/amj.com\/fr\/wp-json\/wp\/v2\/types\/page"}],"author":[{"embeddable":true,"href":"https:\/\/amj.com\/fr\/wp-json\/wp\/v2\/users\/15"}],"replies":[{"embeddable":true,"href":"https:\/\/amj.com\/fr\/wp-json\/wp\/v2\/comments?post=2938"}],"version-history":[{"count":0,"href":"https:\/\/amj.com\/fr\/wp-json\/wp\/v2\/pages\/2938\/revisions"}],"up":[{"embeddable":true,"href":"https:\/\/amj.com\/fr\/wp-json\/wp\/v2\/pages\/2935"}],"wp:attachment":[{"href":"https:\/\/amj.com\/fr\/wp-json\/wp\/v2\/media?parent=2938"}],"curies":[{"name":"wp","href":"https:\/\/api.w.org\/{rel}","templated":true}]}}