{"id":2940,"date":"2020-09-15T17:14:56","date_gmt":"2020-09-15T21:14:56","guid":{"rendered":"https:\/\/amjmove.com\/?page_id=2940"},"modified":"2021-04-11T19:56:36","modified_gmt":"2021-04-11T23:56:36","slug":"community-services","status":"publish","type":"page","link":"https:\/\/amj.com\/fr\/about-amj\/community-services\/","title":{"rendered":"Community Services"},"content":{"rendered":"<section class=\"hide-for-large section long-text-hero long-text-hero--default long-text-hero--num-false\">\n  <div class=\"row\">\n    <div class=\"column\">\n                        <h1>D\u00e9m\u00e9nagement \u00e9cologique<\/h1>\n                  <\/div>\n  <\/div>\n<\/section>\n<section class=\"section long-text-hero long-text-hero--default long-text-hero--num-false default\">\n  <div class=\"row\">\n    <div class=\"column\">\n      <div class=\"long-text-hero__inner\">\n        <div class=\"long-text-hero__left\">\n                                    <h1 class=\"show-for-large\">D\u00e9m\u00e9nagement \u00e9cologique<\/h1>\n                                            <div class=\"long-text-hero__left__intro\"><p>En choisissant AMJ, vous vous engagez \u00e0 contribuer \u00e0 un environnement plus propre. Tant au niveau de l\u2019organisation m\u00eame que de notre famille de franchises, la durabilit\u00e9 et la g\u00e9rance environnementales sont des aspects primordiaux de la mission de AMJ. Nous sommes \u00e0 votre service pour vous aider \u00e0 r\u00e9aliser un d\u00e9m\u00e9nagement plus vert; et ce processus commence par notre mani\u00e8re de faire affaire avec vous :<\/p>\n<p>Transport efficient : Notre flotte de v\u00e9hicules est \u00e9quip\u00e9e des syst\u00e8mes \u00e9lectriques IdleAir, qui permettent de r\u00e9duire la consommation de diesel de 90 pour cent. Nous utilisons \u00e9galement Prepass et E-ZPass afin d\u2019\u00e9liminer le ralentissement, les arr\u00eats, et ainsi gagner du temps, tout en r\u00e9duisant les \u00e9missions.<\/p>\n<p>Recyclage intelligent : Les agents d\u2019AMJ recyclent un large \u00e9ventail de produits : papier et carton ondul\u00e9; film \u00e9tirable d\u2019emballage, plastique, verre; acier, aluminium, fer et bois; huiles de moteur et carburants m\u00e9caniques; pi\u00e8ces de v\u00e9hicules, pneus et batteries; \u00e9quipements \u00e9lectroniques, tambours de photocopieuses, cartouches d\u2019encre.  <\/p>\n<p>Utilisation r\u00e9duite de l\u2019\u00e9nergie : Nous r\u00e9duisons notre consommation d\u2019\u00e9nergie ainsi que les d\u00e9chets, en utilisant un syst\u00e8me de virtualisation de serveur pour nos besoins en technologies de l\u2019information.<\/p>\n<\/div>\n                                      <\/div>\n        <div class=\"long-text-hero__right \">\n                      <div class=\"long-text-hero__image shadow\">\n              <img decoding=\"async\" data-src=\"https:\/\/amj.com\/wp-content\/uploads\/2020\/07\/DSC04509-1.jpg\" alt=\"\" aria-role=\"presentation\" role=\"presentation\" src=\"data:image\/svg+xml;base64,PHN2ZyB3aWR0aD0iMSIgaGVpZ2h0PSIxIiB4bWxucz0iaHR0cDovL3d3dy53My5vcmcvMjAwMC9zdmciPjwvc3ZnPg==\" class=\"lazyload\" style=\"--smush-placeholder-width: 1187px; --smush-placeholder-aspect-ratio: 1187\/790;\">\n            <\/div>\n                                      <\/div>\n      <\/div>\n    <\/div>\n  <\/div>\n<\/section>\n\n\n<section class=\"section fancy-list fancy-list--right fancy-list--num-false\">\n  <div class=\"row\">\n    <div class=\"column\">\n            <div class=\"fancy-list__inner\" data-equalizer data-equalize-on=\"medium\" data-equalize-on-stack=\"true\">\n        <div class=\"fancy-list__left\">\n                      <div class=\"fancy-list__intro\" data-equalizer-watch>\n                                                      <\/div>\n                                          <div class=\"fancy-list__image show-for-large\">\n              <img  data-src=\"https:\/\/amj.com\/wp-content\/uploads\/2020\/07\/DJI_0124-2@2x-1024x767.jpg\" data-srcset=\"https:\/\/amj.com\/wp-content\/uploads\/2020\/07\/DJI_0124-2@2x-1024x767.jpg 1x\" alt=\"\" class=\"lazy\" loading=\"lazy\">\n            <\/div>\n                                      <\/div>\n        <div class=\"fancy-list__right\">\n                                <div data-equalizer-watch class=\"hide-for-medium\"><\/div>\n                                <div class=\"fancy-list__list\">\n                                              <div class=\"fancy-list__item\">\n                  <div class=\"fancy-list__item__num\">\n                    <span class=\"like-h4\">1<\/span>\n                    <div class=\"amj-line\"><\/div>\n                  <\/div>\n                  <div class=\"fancy-list__item__content\">\n                                          <h3 class=\"like-h4\">R\u00e9duction des d\u00e9chets de papier<\/h3>\n                                                              <p>Lorsque l\u2019utilisation du papier est absolument n\u00e9cessaire, les bureaux d\u2019AMJ utilisent du mat\u00e9riel recycl\u00e9, ainsi que l\u2019imagerie documentaire. Nous investissons \u00e9galement dans des \u00e9quipements performants pour l\u2019empaquetage et le compactage, afin de rendre plus efficaces nos pratiques de recyclage.<\/p>\n\n                                      <\/div>\n                <\/div>\n                                              <div class=\"fancy-list__item\">\n                  <div class=\"fancy-list__item__num\">\n                    <span class=\"like-h4\">2<\/span>\n                    <div class=\"amj-line\"><\/div>\n                  <\/div>\n                  <div class=\"fancy-list__item__content\">\n                                          <h3 class=\"like-h4\">Protection des eaux souterraines <\/h3>\n                                                              <p>Dans le but de contribuer \u00e0 la propret\u00e9 des cours d\u2019eau, AMJ utilise du savon biod\u00e9gradable et des syst\u00e8mes de lavage en circuit ferm\u00e9. Des techniques de captage, de r\u00e9tention, et de contr\u00f4le, assurent la puret\u00e9 de l\u2019eau avant son \u00e9vacuation. Nos citernes \u00e0 double coque prot\u00e8gent \u00e9galement nos r\u00e9serves souterraines de carburant.<\/p>\n\n                                      <\/div>\n                <\/div>\n                                              <div class=\"fancy-list__item\">\n                  <div class=\"fancy-list__item__num\">\n                    <span class=\"like-h4\">3<\/span>\n                    <div class=\"amj-line\"><\/div>\n                  <\/div>\n                  <div class=\"fancy-list__item__content\">\n                                          <h3 class=\"like-h4\">Montrer la voie \u00e0 travers des initiatives vertes<\/h3>\n                                                              <p>Les agents d\u2019AMJ sont des pionniers dans l\u2019utilisation de camions hybrides diesel-\u00e9lectrique. De plus, nombreux sont les agents d\u2019AMJ qui utilisent essentiellement l\u2019\u00e9nergie solaire pour g\u00e9n\u00e9rer l\u2019\u00e9lectricit\u00e9 et la climatisation requises dans leurs immeubles, fournissant ainsi un surplus aux services publics locaux.<\/p>\n\n                                      <\/div>\n                <\/div>\n                                              <div class=\"fancy-list__item\">\n                  <div class=\"fancy-list__item__num\">\n                    <span class=\"like-h4\">4<\/span>\n                    <div class=\"amj-line\"><\/div>\n                  <\/div>\n                  <div class=\"fancy-list__item__content\">\n                                          <h3 class=\"like-h4\">Prix environnementaux<\/h3>\n                                                              <p>AMJ et sa famille d&rsquo;agents ont remport\u00e9 de nombreux prix locaux et r\u00e9gionaux pour leur g\u00e9rance environnementale.<\/p>\n\n                                      <\/div>\n                <\/div>\n                          <\/div>\n                                <div class=\"fancy-list__image hide-for-large\">\n              <img  data-src=\"https:\/\/amj.com\/wp-content\/uploads\/2020\/07\/DJI_0124-2@2x-1024x767.jpg\" data-srcset=\"https:\/\/amj.com\/wp-content\/uploads\/2020\/07\/DJI_0124-2@2x-1024x767.jpg 1x\" alt=\"\" class=\"lazy\" loading=\"lazy\">\n            <\/div>\n                  <\/div>\n      <\/div>\n    <\/div>\n  <\/div>\n<\/section>\n\n\n<section class=\"section post-grid\">\n  <div class=\"row\">\n    <div class=\"column\">\n              <div class=\"post-grid__intro\">\n                      <h2 class=\"text-center\">C\u2019est facile d\u2019\u00eatre vert.<\/h2>\n                                <p class=\"text-center\">Nous pouvons tous contribuer \u00e0 un environnement plus propre, ne l\u2019oubliez pas. Pensez-vous \u00ab\u2009vert\u2009\u00bb au moment de d\u00e9m\u00e9nager de votre r\u00e9sidence ou de votre bureau avec AMJ?<\/p>\n                  <\/div>\n                    <div class=\"grid3 grid3--padded\">\n                                            <a href=\"https:\/\/amj.com\/fr\/3-facons-de-creer-un-espace-de-travail-efficace\/\" class=\"card\" >\n      <img  data-src=\"https:\/\/amj.com\/wp-content\/uploads\/2020\/07\/3-ways-to-create-an-efficient-study-space-scaled.jpg\" data-srcset=\"https:\/\/amj.com\/wp-content\/uploads\/2020\/07\/3-ways-to-create-an-efficient-study-space-scaled.jpg 1x\" alt=\"\" class=\"lazy\" loading=\"lazy\">\n    <div class=\"card__content\">\n    <header>\n              <h3 class=\"like-h4\">3 fa\u00e7ons de cr\u00e9er un espace de travail efficace<\/h3>\n                    <span class=\"byline\">7 ao\u00fbt 2019<\/span>\n          <\/header>\n          <div class=\"card__content__text\">\n        <p>Chaque mois de septembre est le d\u00e9but d\u2019un nouveau chapitre. C\u2019est l\u2019\u00e9poque o\u00f9 nous reprenons notre emploi du temps r\u00e9gulier&#8230;<\/p>\n      <\/div>\n            <span class=\"amj-btn amj-btn--arrow\">En savoir <span class=\"link-end\">plus <i class=\"fas fa-arrow-right\"><\/i><\/span><\/span>\r\n\r\n      <\/div>\n<\/a>\n                                  <a href=\"https:\/\/amj.com\/fr\/conseils-dexpert-damj-une-journee-dans-la-vie-dun-chauffeur\/\" class=\"card\" >\n      <img  data-src=\"https:\/\/amj.com\/wp-content\/uploads\/2020\/07\/amjs-advice-from-the-expert-a-day-in-the-life-of-a-driver-scaled.jpg\" data-srcset=\"https:\/\/amj.com\/wp-content\/uploads\/2020\/07\/amjs-advice-from-the-expert-a-day-in-the-life-of-a-driver-scaled.jpg 1x\" alt=\"\" class=\"lazy\" loading=\"lazy\">\n    <div class=\"card__content\">\n    <header>\n              <h3 class=\"like-h4\">Conseils d\u2019expert d\u2019AMJ : Une journ\u00e9e dans la vie d\u2019un chauffeur<\/h3>\n                    <span class=\"byline\">7 ao\u00fbt 2019<\/span>\n          <\/header>\n          <div class=\"card__content__text\">\n        <p>Peu importe votre enthousiasme \u00e0 l\u2019id\u00e9e d\u2019emm\u00e9nager dans une nouvelle maison, le d\u00e9m\u00e9nagement peut se r\u00e9v\u00e9ler un processus stressant. Mais&#8230;<\/p>\n      <\/div>\n            <span class=\"amj-btn amj-btn--arrow\">En savoir <span class=\"link-end\">plus <i class=\"fas fa-arrow-right\"><\/i><\/span><\/span>\r\n\r\n      <\/div>\n<\/a>\n                                  <a href=\"https:\/\/amj.com\/fr\/conseils-de-lexpert-damj-comment-gerer-les-demenagements-de-derniere-minute\/\" class=\"card\" >\n      <img  data-src=\"https:\/\/amj.com\/wp-content\/uploads\/2020\/07\/amjs-advice-from-the-expert-how-to-handle-last-minute-moves.jpg\" data-srcset=\"https:\/\/amj.com\/wp-content\/uploads\/2020\/07\/amjs-advice-from-the-expert-how-to-handle-last-minute-moves.jpg 1x\" alt=\"\" class=\"lazy\" loading=\"lazy\">\n    <div class=\"card__content\">\n    <header>\n              <h3 class=\"like-h4\">Conseils de l\u2019expert d\u2019AMJ : Comment g\u00e9rer les d\u00e9m\u00e9nagements de derni\u00e8re minute<\/h3>\n                    <span class=\"byline\">8 ao\u00fbt 2019<\/span>\n          <\/header>\n          <div class=\"card__content__text\">\n        <p>La vie nous r\u00e9serve parfois des surprises. Peut-\u00eatre que vous venez d\u2019obtenir un emploi dans une autre ville, ou que&#8230;<\/p>\n      <\/div>\n            <span class=\"amj-btn amj-btn--arrow\">En savoir <span class=\"link-end\">plus <i class=\"fas fa-arrow-right\"><\/i><\/span><\/span>\r\n\r\n      <\/div>\n<\/a>\n                                  <a href=\"https:\/\/amj.com\/fr\/conseil-dexpert-amj-demenager-en-toute-securite\/\" class=\"card\" >\n      <img  data-src=\"https:\/\/amj.com\/wp-content\/uploads\/2020\/07\/amjs-advice-from-the-expert-safe-practices-for-moving-day-scaled.jpg\" data-srcset=\"https:\/\/amj.com\/wp-content\/uploads\/2020\/07\/amjs-advice-from-the-expert-safe-practices-for-moving-day-scaled.jpg 1x\" alt=\"\" class=\"lazy\" loading=\"lazy\">\n    <div class=\"card__content\">\n    <header>\n              <h3 class=\"like-h4\">Conseil d\u2019expert AMJ: D\u00e9m\u00e9nager en toute s\u00e9curit\u00e9<\/h3>\n                    <span class=\"byline\">7 ao\u00fbt 2019<\/span>\n          <\/header>\n          <div class=\"card__content__text\">\n        <p>La pr\u00e9paration d\u2019un d\u00e9m\u00e9nagement demande beaucoup de planification et d\u2019organisation, y compris en ce qui concerne les risques potentiels que&#8230;<\/p>\n      <\/div>\n            <span class=\"amj-btn amj-btn--arrow\">En savoir <span class=\"link-end\">plus <i class=\"fas fa-arrow-right\"><\/i><\/span><\/span>\r\n\r\n      <\/div>\n<\/a>\n                                  <a href=\"https:\/\/amj.com\/fr\/conseils-pour-demenager-avec-des-animaux\/\" class=\"card\" >\n      <img  data-src=\"https:\/\/amj.com\/wp-content\/uploads\/2020\/07\/tips-for-moving-with-pets.jpg\" data-srcset=\"https:\/\/amj.com\/wp-content\/uploads\/2020\/07\/tips-for-moving-with-pets.jpg 1x\" alt=\"\" class=\"lazy\" loading=\"lazy\">\n    <div class=\"card__content\">\n    <header>\n              <h3 class=\"like-h4\">Conseils pour d\u00e9m\u00e9nager avec des animaux<\/h3>\n                    <span class=\"byline\">7 ao\u00fbt 2019<\/span>\n          <\/header>\n          <div class=\"card__content__text\">\n        <p>Toutes les \u00e9tapes d\u2019un d\u00e9m\u00e9nagement peuvent apporter des d\u00e9fis suppl\u00e9mentaires lorsque des cr\u00e9atures \u00e0 poils font partie de l\u2019\u00e9quation. Parce&#8230;<\/p>\n      <\/div>\n            <span class=\"amj-btn amj-btn--arrow\">En savoir <span class=\"link-end\">plus <i class=\"fas fa-arrow-right\"><\/i><\/span><\/span>\r\n\r\n      <\/div>\n<\/a>\n                                  <a href=\"https:\/\/amj.com\/fr\/conseils-pour-demenager-pendant-les-fetes-de-fin-dannee\/\" class=\"card\" >\n      <img  data-src=\"https:\/\/amj.com\/wp-content\/uploads\/2020\/07\/tips-for-moving-during-the-holidays.jpg\" data-srcset=\"https:\/\/amj.com\/wp-content\/uploads\/2020\/07\/tips-for-moving-during-the-holidays.jpg 1x\" alt=\"\" class=\"lazy\" loading=\"lazy\">\n    <div class=\"card__content\">\n    <header>\n              <h3 class=\"like-h4\">Conseils pour d\u00e9m\u00e9nager pendant les f\u00eates de fin d\u2019ann\u00e9e<\/h3>\n                    <span class=\"byline\">7 ao\u00fbt 2019<\/span>\n          <\/header>\n          <div class=\"card__content__text\">\n        <p>Un d\u00e9m\u00e9nagement peut \u00eatre une entreprise stressante, quelle que soit la p\u00e9riode de l\u2019ann\u00e9e, mais d\u00e9m\u00e9nager pendant les f\u00eates de&#8230;<\/p>\n      <\/div>\n            <span class=\"amj-btn amj-btn--arrow\">En savoir <span class=\"link-end\">plus <i class=\"fas fa-arrow-right\"><\/i><\/span><\/span>\r\n\r\n      <\/div>\n<\/a>\n                            <\/div>\n          <\/div>\n  <\/div>\n<\/section>\n\n\n<section class=\"section footer-cta  footer-cta--box \">\n        <div class=\"row\">\n      <div class=\"column\">\n        <div class=\"footer-cta__box footer-cta__box--two footer-cta__box--or \">\n          <div class=\"footer-cta__cta\">\n                                      <h2 class=\"like-h4\">Parlez-nous de votre d\u00e9m\u00e9nagement.<br \/>\r\n1 888 AMJ MOVE (265-6683)<\/h2>\n                                                                        <\/div>\n                                    <div class=\"footer-cta__or\">\n                <span class=\"like-h5\">or<\/span>\n              <\/div>\n              <div class=\"footer-cta__icon\">\n                <img decoding=\"async\" data-src=\"https:\/\/amj.com\/wp-content\/themes\/amj-2020\/dist\/images\/hand-truck--blue_976be37c.svg\" alt=\"\" src=\"data:image\/svg+xml;base64,PHN2ZyB3aWR0aD0iMSIgaGVpZ2h0PSIxIiB4bWxucz0iaHR0cDovL3d3dy53My5vcmcvMjAwMC9zdmciPjwvc3ZnPg==\" class=\"lazyload\">\n              <\/div>\n                        <div class=\"footer-cta__cta\">\n                                            <h2 class=\"like-h4\">Surveillez votre budget.<br \/>\r\nVoici une estimation gratuite! <\/h2>\n                                                          <a class=\"amj-btn amj-btn--arrow\"  href=\"\/fr\/get-a-quote\">Obtenir un <span class=\"link-end\">devis <i class=\"fas fa-arrow-right\"><\/i><\/span><\/a>\r\n  \r\n                          <\/div>\n                  <\/div>\n      <\/div>\n    <\/div>\n  <\/section>\n","protected":false},"excerpt":{"rendered":"","protected":false},"author":15,"featured_media":0,"parent":2935,"menu_order":0,"comment_status":"closed","ping_status":"closed","template":"","meta":{"_acf_changed":false,"footnotes":""},"class_list":["post-2940","page","type-page","status-publish","hentry"],"acf":[],"yoast_head":"<!-- This site is optimized with the Yoast SEO Premium plugin v25.2 (Yoast SEO v27.3) - https:\/\/yoast.com\/product\/yoast-seo-premium-wordpress\/ -->\n<title>Community Services - Canada&#039;s #1 Moving Company | Stress-Free Moving Services<\/title>\n<meta name=\"description\" content=\"AMJ garantit un d\u00e9m\u00e9nagement \u00e9cologique tant sur le plan du transport que du recyclage et de l&#039;utilisation de l&#039;\u00e9nergie.\" \/>\n<meta name=\"robots\" content=\"index, follow, max-snippet:-1, max-image-preview:large, max-video-preview:-1\" \/>\n<link rel=\"canonical\" href=\"https:\/\/amj.com\/fr\/about-amj\/community-services\/\" \/>\n<meta property=\"og:locale\" content=\"fr_FR\" \/>\n<meta property=\"og:type\" content=\"article\" \/>\n<meta property=\"og:title\" content=\"Community Services\" \/>\n<meta property=\"og:url\" content=\"https:\/\/amj.com\/fr\/about-amj\/community-services\/\" \/>\n<meta property=\"og:site_name\" content=\"Canada&#039;s #1 Moving Company | Stress-Free Moving Services\" \/>\n<meta property=\"article:publisher\" content=\"https:\/\/www.facebook.com\/AMJCampbellMoving\/\" \/>\n<meta property=\"article:modified_time\" content=\"2021-04-11T23:56:36+00:00\" \/>\n<meta name=\"twitter:card\" content=\"summary_large_image\" \/>\n<meta name=\"twitter:site\" content=\"@amjcampbell\" \/>\n<script type=\"application\/ld+json\" class=\"yoast-schema-graph\">{\"@context\":\"https:\\\/\\\/schema.org\",\"@graph\":[{\"@type\":\"WebPage\",\"@id\":\"https:\\\/\\\/amj.com\\\/fr\\\/about-amj\\\/community-services\\\/\",\"url\":\"https:\\\/\\\/amj.com\\\/fr\\\/about-amj\\\/community-services\\\/\",\"name\":\"Community Services - Canada&#039;s #1 Moving Company | Stress-Free Moving Services\",\"isPartOf\":{\"@id\":\"https:\\\/\\\/amj.com\\\/fr\\\/#website\"},\"datePublished\":\"2020-09-15T21:14:56+00:00\",\"dateModified\":\"2021-04-11T23:56:36+00:00\",\"description\":\"AMJ garantit un d\u00e9m\u00e9nagement \u00e9cologique tant sur le plan du transport que du recyclage et de l'utilisation de l'\u00e9nergie.\",\"breadcrumb\":{\"@id\":\"https:\\\/\\\/amj.com\\\/fr\\\/about-amj\\\/community-services\\\/#breadcrumb\"},\"inLanguage\":\"fr-FR\",\"potentialAction\":[{\"@type\":\"ReadAction\",\"target\":[\"https:\\\/\\\/amj.com\\\/fr\\\/about-amj\\\/community-services\\\/\"]}]},{\"@type\":\"BreadcrumbList\",\"@id\":\"https:\\\/\\\/amj.com\\\/fr\\\/about-amj\\\/community-services\\\/#breadcrumb\",\"itemListElement\":[{\"@type\":\"ListItem\",\"position\":1,\"name\":\"Home\",\"item\":\"https:\\\/\\\/amj.com\\\/fr\\\/\"},{\"@type\":\"ListItem\",\"position\":2,\"name\":\"About AMJ\",\"item\":\"https:\\\/\\\/amj.com\\\/fr\\\/about-amj\\\/\"},{\"@type\":\"ListItem\",\"position\":3,\"name\":\"Community Services\"}]},{\"@type\":\"WebSite\",\"@id\":\"https:\\\/\\\/amj.com\\\/fr\\\/#website\",\"url\":\"https:\\\/\\\/amj.com\\\/fr\\\/\",\"name\":\"AMJ MOVE - CANADA'S LARGEST MOVER\",\"description\":\"Make Your Best Move\",\"publisher\":{\"@id\":\"https:\\\/\\\/amj.com\\\/fr\\\/#organization\"},\"potentialAction\":[{\"@type\":\"SearchAction\",\"target\":{\"@type\":\"EntryPoint\",\"urlTemplate\":\"https:\\\/\\\/amj.com\\\/fr\\\/?s={search_term_string}\"},\"query-input\":{\"@type\":\"PropertyValueSpecification\",\"valueRequired\":true,\"valueName\":\"search_term_string\"}}],\"inLanguage\":\"fr-FR\"},{\"@type\":\"Organization\",\"@id\":\"https:\\\/\\\/amj.com\\\/fr\\\/#organization\",\"name\":\"AMJ\",\"url\":\"https:\\\/\\\/amj.com\\\/fr\\\/\",\"logo\":{\"@type\":\"ImageObject\",\"inLanguage\":\"fr-FR\",\"@id\":\"https:\\\/\\\/amj.com\\\/fr\\\/#\\\/schema\\\/logo\\\/image\\\/\",\"url\":\"https:\\\/\\\/amj.com\\\/wp-content\\\/uploads\\\/2020\\\/09\\\/LOGO_NEW_EN.svg\",\"contentUrl\":\"https:\\\/\\\/amj.com\\\/wp-content\\\/uploads\\\/2020\\\/09\\\/LOGO_NEW_EN.svg\",\"width\":1,\"height\":1,\"caption\":\"AMJ\"},\"image\":{\"@id\":\"https:\\\/\\\/amj.com\\\/fr\\\/#\\\/schema\\\/logo\\\/image\\\/\"},\"sameAs\":[\"https:\\\/\\\/www.facebook.com\\\/AMJCampbellMoving\\\/\",\"https:\\\/\\\/x.com\\\/amjcampbell\",\"https:\\\/\\\/www.instagram.com\\\/amjcampbell\\\/\",\"https:\\\/\\\/www.linkedin.com\\\/company\\\/amjcampbell\\\/\",\"https:\\\/\\\/www.youtube.com\\\/c\\\/AmjtorontomovingOnt\\\/\"]}]}<\/script>\n<!-- \/ Yoast SEO Premium plugin. -->","yoast_head_json":{"title":"Community Services - Canada&#039;s #1 Moving Company | Stress-Free Moving Services","description":"AMJ garantit un d\u00e9m\u00e9nagement \u00e9cologique tant sur le plan du transport que du recyclage et de l'utilisation de l'\u00e9nergie.","robots":{"index":"index","follow":"follow","max-snippet":"max-snippet:-1","max-image-preview":"max-image-preview:large","max-video-preview":"max-video-preview:-1"},"canonical":"https:\/\/amj.com\/fr\/about-amj\/community-services\/","og_locale":"fr_FR","og_type":"article","og_title":"Community Services","og_url":"https:\/\/amj.com\/fr\/about-amj\/community-services\/","og_site_name":"Canada&#039;s #1 Moving Company | Stress-Free Moving Services","article_publisher":"https:\/\/www.facebook.com\/AMJCampbellMoving\/","article_modified_time":"2021-04-11T23:56:36+00:00","twitter_card":"summary_large_image","twitter_site":"@amjcampbell","schema":{"@context":"https:\/\/schema.org","@graph":[{"@type":"WebPage","@id":"https:\/\/amj.com\/fr\/about-amj\/community-services\/","url":"https:\/\/amj.com\/fr\/about-amj\/community-services\/","name":"Community Services - Canada&#039;s #1 Moving Company | Stress-Free Moving Services","isPartOf":{"@id":"https:\/\/amj.com\/fr\/#website"},"datePublished":"2020-09-15T21:14:56+00:00","dateModified":"2021-04-11T23:56:36+00:00","description":"AMJ garantit un d\u00e9m\u00e9nagement \u00e9cologique tant sur le plan du transport que du recyclage et de l'utilisation de l'\u00e9nergie.","breadcrumb":{"@id":"https:\/\/amj.com\/fr\/about-amj\/community-services\/#breadcrumb"},"inLanguage":"fr-FR","potentialAction":[{"@type":"ReadAction","target":["https:\/\/amj.com\/fr\/about-amj\/community-services\/"]}]},{"@type":"BreadcrumbList","@id":"https:\/\/amj.com\/fr\/about-amj\/community-services\/#breadcrumb","itemListElement":[{"@type":"ListItem","position":1,"name":"Home","item":"https:\/\/amj.com\/fr\/"},{"@type":"ListItem","position":2,"name":"About AMJ","item":"https:\/\/amj.com\/fr\/about-amj\/"},{"@type":"ListItem","position":3,"name":"Community Services"}]},{"@type":"WebSite","@id":"https:\/\/amj.com\/fr\/#website","url":"https:\/\/amj.com\/fr\/","name":"AMJ MOVE - CANADA'S LARGEST MOVER","description":"Make Your Best Move","publisher":{"@id":"https:\/\/amj.com\/fr\/#organization"},"potentialAction":[{"@type":"SearchAction","target":{"@type":"EntryPoint","urlTemplate":"https:\/\/amj.com\/fr\/?s={search_term_string}"},"query-input":{"@type":"PropertyValueSpecification","valueRequired":true,"valueName":"search_term_string"}}],"inLanguage":"fr-FR"},{"@type":"Organization","@id":"https:\/\/amj.com\/fr\/#organization","name":"AMJ","url":"https:\/\/amj.com\/fr\/","logo":{"@type":"ImageObject","inLanguage":"fr-FR","@id":"https:\/\/amj.com\/fr\/#\/schema\/logo\/image\/","url":"https:\/\/amj.com\/wp-content\/uploads\/2020\/09\/LOGO_NEW_EN.svg","contentUrl":"https:\/\/amj.com\/wp-content\/uploads\/2020\/09\/LOGO_NEW_EN.svg","width":1,"height":1,"caption":"AMJ"},"image":{"@id":"https:\/\/amj.com\/fr\/#\/schema\/logo\/image\/"},"sameAs":["https:\/\/www.facebook.com\/AMJCampbellMoving\/","https:\/\/x.com\/amjcampbell","https:\/\/www.instagram.com\/amjcampbell\/","https:\/\/www.linkedin.com\/company\/amjcampbell\/","https:\/\/www.youtube.com\/c\/AmjtorontomovingOnt\/"]}]}},"_links":{"self":[{"href":"https:\/\/amj.com\/fr\/wp-json\/wp\/v2\/pages\/2940","targetHints":{"allow":["GET"]}}],"collection":[{"href":"https:\/\/amj.com\/fr\/wp-json\/wp\/v2\/pages"}],"about":[{"href":"https:\/\/amj.com\/fr\/wp-json\/wp\/v2\/types\/page"}],"author":[{"embeddable":true,"href":"https:\/\/amj.com\/fr\/wp-json\/wp\/v2\/users\/15"}],"replies":[{"embeddable":true,"href":"https:\/\/amj.com\/fr\/wp-json\/wp\/v2\/comments?post=2940"}],"version-history":[{"count":0,"href":"https:\/\/amj.com\/fr\/wp-json\/wp\/v2\/pages\/2940\/revisions"}],"up":[{"embeddable":true,"href":"https:\/\/amj.com\/fr\/wp-json\/wp\/v2\/pages\/2935"}],"wp:attachment":[{"href":"https:\/\/amj.com\/fr\/wp-json\/wp\/v2\/media?parent=2940"}],"curies":[{"name":"wp","href":"https:\/\/api.w.org\/{rel}","templated":true}]}}