{"id":4244,"date":"2020-07-06T23:39:20","date_gmt":"2020-07-07T03:39:20","guid":{"rendered":"https:\/\/amjmove.com\/resources-fr\/moving-faq\/"},"modified":"2021-04-11T20:09:34","modified_gmt":"2021-04-12T00:09:34","slug":"moving-faq","status":"publish","type":"page","link":"https:\/\/amj.com\/fr\/resources-fr\/moving-faq\/","title":{"rendered":"FAQs"},"content":{"rendered":"<section class=\"section post-columns\">\n  <div class=\"row\">\n    <div class=\"column\">\n      <div class=\"post-columns__inner\">\n        <div class=\"post-columns__intro\">\n                      <span class=\"pretitle\">Resources<\/span>\n                                <h2>D\u00e9m\u00e9nager sans soucis<\/h2>\n                                <a class=\"amj-btn amj-btn--pill\"  href=\"\/fr\/moving-tips\">D&rsquo;autres conseils utiles <\/a>\r\n  \r\n                  <\/div>\n        <div class=\"post-columns__main side-scroll\">\n                                  <a href=\"https:\/\/amj.com\/fr\/des-produits-demballage-pour-gagner-du-temps-et-avoir-lesprit-tranquille\/\" class=\"post-columns__item\">\n                              <img  data-src=\"https:\/\/amj.com\/wp-content\/uploads\/2020\/07\/packing-products-to-help-you-save-time-and-gain-peace-of-mind-1024x683.jpg\" data-srcset=\"https:\/\/amj.com\/wp-content\/uploads\/2020\/07\/packing-products-to-help-you-save-time-and-gain-peace-of-mind-1024x683.jpg 1x\" alt=\"\" class=\"lazy\" loading=\"lazy\">\n                            <span class=\"post-columns__item__post\">\n                                  <h3 class=\"like-h4\">Des produits d\u2019emballage pour gagner du temps et avoir l\u2019esprit tranquille<\/h3>\n                                                  <span class=\"post-columns__item__text\">\n                    <p>Le jour du d\u00e9m\u00e9nagement approche! Bien que s\u2019installer dans une nouvelle maison soit excitant, cela peut aussi \u00eatre intimidant. Si&#8230;<\/p>\n                  <\/span>\n                                                                    <span class=\"amj-btn amj-btn--arrow\">Plus de <span class=\"link-end\">d\u00e9tails <i class=\"fas fa-arrow-right\"><\/i><\/span><\/span>\r\n\r\n                                                <\/a>\n            <\/span>\n                                  <a href=\"https:\/\/amj.com\/fr\/comment-emballer-vos-articles-precieux\/\" class=\"post-columns__item\">\n                              <img  data-src=\"https:\/\/amj.com\/wp-content\/uploads\/2020\/07\/how-to-pack-your-most-treasured-items-1024x683.jpg\" data-srcset=\"https:\/\/amj.com\/wp-content\/uploads\/2020\/07\/how-to-pack-your-most-treasured-items-1024x683.jpg 1x\" alt=\"\" class=\"lazy\" loading=\"lazy\">\n                            <span class=\"post-columns__item__post\">\n                                  <h3 class=\"like-h4\">Comment emballer vos articles pr\u00e9cieux<\/h3>\n                                                  <span class=\"post-columns__item__text\">\n                    <p>\u00ab&nbsp;Manipuler avec soin&nbsp;\u00bb, c\u2019est plus vite dit que fait quand on se d\u00e9p\u00eache de tout emballer avant le jour du&#8230;<\/p>\n                  <\/span>\n                                                                    <span class=\"amj-btn amj-btn--arrow\">Plus de <span class=\"link-end\">d\u00e9tails <i class=\"fas fa-arrow-right\"><\/i><\/span><\/span>\r\n\r\n                                                <\/a>\n            <\/span>\n                                  <a href=\"https:\/\/amj.com\/fr\/comment-proteger-votre-maison-contre-les-tempetes\/\" class=\"post-columns__item\">\n                              <img  data-src=\"https:\/\/amj.com\/wp-content\/uploads\/2020\/07\/how-to-winter-prep-your-home-1024x683.jpg\" data-srcset=\"https:\/\/amj.com\/wp-content\/uploads\/2020\/07\/how-to-winter-prep-your-home-1024x683.jpg 1x\" alt=\"\" class=\"lazy\" loading=\"lazy\">\n                            <span class=\"post-columns__item__post\">\n                                  <h3 class=\"like-h4\">Comment prot\u00e9ger votre maison contre les temp\u00eates<\/h3>\n                                                  <span class=\"post-columns__item__text\">\n                    <p>Les vents forts constituent l\u2019\u00e9l\u00e9ment le plus susceptible d\u2019endommager votre maison. Les bourrasques peuvent faire \u00e9clater vos vitres et propulser&#8230;<\/p>\n                  <\/span>\n                                                                    <span class=\"amj-btn amj-btn--arrow\">Plus de <span class=\"link-end\">d\u00e9tails <i class=\"fas fa-arrow-right\"><\/i><\/span><\/span>\r\n\r\n                                                <\/a>\n            <\/span>\n                  <\/div>\n      <\/div>\n    <\/div>\n  <\/div>\n<\/section>\n\n\n<section class=\"section footer-cta  footer-cta--box \">\n        <div class=\"row\">\n      <div class=\"column\">\n        <div class=\"footer-cta__box footer-cta__box--two footer-cta__box--or \">\n          <div class=\"footer-cta__cta\">\n                                      <h2 class=\"like-h4\">Parlez-nous de votre d\u00e9m\u00e9nagement.<br \/>\r\n1 888 AMJ MOVE (265-6683)<\/h2>\n                                                                        <\/div>\n                                    <div class=\"footer-cta__or\">\n                <span class=\"like-h5\">or<\/span>\n              <\/div>\n              <div class=\"footer-cta__icon\">\n                <img decoding=\"async\" data-src=\"https:\/\/amj.com\/wp-content\/themes\/amj-2020\/dist\/images\/hand-truck--blue_976be37c.svg\" alt=\"\" src=\"data:image\/svg+xml;base64,PHN2ZyB3aWR0aD0iMSIgaGVpZ2h0PSIxIiB4bWxucz0iaHR0cDovL3d3dy53My5vcmcvMjAwMC9zdmciPjwvc3ZnPg==\" class=\"lazyload\">\n              <\/div>\n                        <div class=\"footer-cta__cta\">\n                                            <h2 class=\"like-h4\">Surveillez votre budget.<br \/>\r\nVoici une estimation gratuite!<\/h2>\n                                                          <a class=\"amj-btn amj-btn--arrow\"  href=\"\/fr\/get-a-quote\/\">Obtenir un <span class=\"link-end\">devis <i class=\"fas fa-arrow-right\"><\/i><\/span><\/a>\r\n  \r\n                          <\/div>\n                  <\/div>\n      <\/div>\n    <\/div>\n  <\/section>\n\n\n\n<p><\/p>\n","protected":false},"excerpt":{"rendered":"","protected":false},"author":15,"featured_media":0,"parent":3975,"menu_order":0,"comment_status":"closed","ping_status":"closed","template":"views\/template-faq.blade.php","meta":{"_acf_changed":false,"footnotes":""},"class_list":["post-4244","page","type-page","status-publish","hentry"],"acf":[],"yoast_head":"<!-- This site is optimized with the Yoast SEO Premium plugin v25.2 (Yoast SEO v27.3) - https:\/\/yoast.com\/product\/yoast-seo-premium-wordpress\/ -->\n<title>FAQs - Canada&#039;s #1 Moving Company | Stress-Free Moving Services<\/title>\n<meta name=\"description\" content=\"Si vous avez des questions par rapport \u00e0 votre d\u00e9m\u00e9nagement avec AMJ, consultez la page FAQ pour trouver des r\u00e9ponses.\" \/>\n<meta name=\"robots\" content=\"index, follow, max-snippet:-1, max-image-preview:large, max-video-preview:-1\" \/>\n<link rel=\"canonical\" href=\"https:\/\/amj.com\/fr\/resources-fr\/moving-faq\/\" \/>\n<meta property=\"og:locale\" content=\"fr_FR\" \/>\n<meta property=\"og:type\" content=\"article\" \/>\n<meta property=\"og:title\" content=\"FAQs\" \/>\n<meta property=\"og:url\" content=\"https:\/\/amj.com\/fr\/resources-fr\/moving-faq\/\" \/>\n<meta property=\"og:site_name\" content=\"Canada&#039;s #1 Moving Company | Stress-Free Moving Services\" \/>\n<meta property=\"article:publisher\" content=\"https:\/\/www.facebook.com\/AMJCampbellMoving\/\" \/>\n<meta property=\"article:modified_time\" content=\"2021-04-12T00:09:34+00:00\" \/>\n<meta name=\"twitter:card\" content=\"summary_large_image\" \/>\n<meta name=\"twitter:site\" content=\"@amjcampbell\" \/>\n<script type=\"application\/ld+json\" class=\"yoast-schema-graph\">{\"@context\":\"https:\\\/\\\/schema.org\",\"@graph\":[{\"@type\":\"WebPage\",\"@id\":\"https:\\\/\\\/amj.com\\\/fr\\\/resources-fr\\\/moving-faq\\\/\",\"url\":\"https:\\\/\\\/amj.com\\\/fr\\\/resources-fr\\\/moving-faq\\\/\",\"name\":\"FAQs - Canada&#039;s #1 Moving Company | Stress-Free Moving Services\",\"isPartOf\":{\"@id\":\"https:\\\/\\\/amj.com\\\/fr\\\/#website\"},\"datePublished\":\"2020-07-07T03:39:20+00:00\",\"dateModified\":\"2021-04-12T00:09:34+00:00\",\"description\":\"Si vous avez des questions par rapport \u00e0 votre d\u00e9m\u00e9nagement avec AMJ, consultez la page FAQ pour trouver des r\u00e9ponses.\",\"breadcrumb\":{\"@id\":\"https:\\\/\\\/amj.com\\\/fr\\\/resources-fr\\\/moving-faq\\\/#breadcrumb\"},\"inLanguage\":\"fr-FR\",\"potentialAction\":[{\"@type\":\"ReadAction\",\"target\":[\"https:\\\/\\\/amj.com\\\/fr\\\/resources-fr\\\/moving-faq\\\/\"]}]},{\"@type\":\"BreadcrumbList\",\"@id\":\"https:\\\/\\\/amj.com\\\/fr\\\/resources-fr\\\/moving-faq\\\/#breadcrumb\",\"itemListElement\":[{\"@type\":\"ListItem\",\"position\":1,\"name\":\"Home\",\"item\":\"https:\\\/\\\/amj.com\\\/fr\\\/\"},{\"@type\":\"ListItem\",\"position\":2,\"name\":\"Resources\",\"item\":\"https:\\\/\\\/amj.com\\\/fr\\\/resources-fr\\\/\"},{\"@type\":\"ListItem\",\"position\":3,\"name\":\"FAQs\"}]},{\"@type\":\"WebSite\",\"@id\":\"https:\\\/\\\/amj.com\\\/fr\\\/#website\",\"url\":\"https:\\\/\\\/amj.com\\\/fr\\\/\",\"name\":\"AMJ MOVE - CANADA'S LARGEST MOVER\",\"description\":\"Make Your Best Move\",\"publisher\":{\"@id\":\"https:\\\/\\\/amj.com\\\/fr\\\/#organization\"},\"potentialAction\":[{\"@type\":\"SearchAction\",\"target\":{\"@type\":\"EntryPoint\",\"urlTemplate\":\"https:\\\/\\\/amj.com\\\/fr\\\/?s={search_term_string}\"},\"query-input\":{\"@type\":\"PropertyValueSpecification\",\"valueRequired\":true,\"valueName\":\"search_term_string\"}}],\"inLanguage\":\"fr-FR\"},{\"@type\":\"Organization\",\"@id\":\"https:\\\/\\\/amj.com\\\/fr\\\/#organization\",\"name\":\"AMJ\",\"url\":\"https:\\\/\\\/amj.com\\\/fr\\\/\",\"logo\":{\"@type\":\"ImageObject\",\"inLanguage\":\"fr-FR\",\"@id\":\"https:\\\/\\\/amj.com\\\/fr\\\/#\\\/schema\\\/logo\\\/image\\\/\",\"url\":\"https:\\\/\\\/amj.com\\\/wp-content\\\/uploads\\\/2020\\\/09\\\/LOGO_NEW_EN.svg\",\"contentUrl\":\"https:\\\/\\\/amj.com\\\/wp-content\\\/uploads\\\/2020\\\/09\\\/LOGO_NEW_EN.svg\",\"width\":1,\"height\":1,\"caption\":\"AMJ\"},\"image\":{\"@id\":\"https:\\\/\\\/amj.com\\\/fr\\\/#\\\/schema\\\/logo\\\/image\\\/\"},\"sameAs\":[\"https:\\\/\\\/www.facebook.com\\\/AMJCampbellMoving\\\/\",\"https:\\\/\\\/x.com\\\/amjcampbell\",\"https:\\\/\\\/www.instagram.com\\\/amjcampbell\\\/\",\"https:\\\/\\\/www.linkedin.com\\\/company\\\/amjcampbell\\\/\",\"https:\\\/\\\/www.youtube.com\\\/c\\\/AmjtorontomovingOnt\\\/\"]}]}<\/script>\n<!-- \/ Yoast SEO Premium plugin. -->","yoast_head_json":{"title":"FAQs - Canada&#039;s #1 Moving Company | Stress-Free Moving Services","description":"Si vous avez des questions par rapport \u00e0 votre d\u00e9m\u00e9nagement avec AMJ, consultez la page FAQ pour trouver des r\u00e9ponses.","robots":{"index":"index","follow":"follow","max-snippet":"max-snippet:-1","max-image-preview":"max-image-preview:large","max-video-preview":"max-video-preview:-1"},"canonical":"https:\/\/amj.com\/fr\/resources-fr\/moving-faq\/","og_locale":"fr_FR","og_type":"article","og_title":"FAQs","og_url":"https:\/\/amj.com\/fr\/resources-fr\/moving-faq\/","og_site_name":"Canada&#039;s #1 Moving Company | Stress-Free Moving Services","article_publisher":"https:\/\/www.facebook.com\/AMJCampbellMoving\/","article_modified_time":"2021-04-12T00:09:34+00:00","twitter_card":"summary_large_image","twitter_site":"@amjcampbell","schema":{"@context":"https:\/\/schema.org","@graph":[{"@type":"WebPage","@id":"https:\/\/amj.com\/fr\/resources-fr\/moving-faq\/","url":"https:\/\/amj.com\/fr\/resources-fr\/moving-faq\/","name":"FAQs - Canada&#039;s #1 Moving Company | Stress-Free Moving Services","isPartOf":{"@id":"https:\/\/amj.com\/fr\/#website"},"datePublished":"2020-07-07T03:39:20+00:00","dateModified":"2021-04-12T00:09:34+00:00","description":"Si vous avez des questions par rapport \u00e0 votre d\u00e9m\u00e9nagement avec AMJ, consultez la page FAQ pour trouver des r\u00e9ponses.","breadcrumb":{"@id":"https:\/\/amj.com\/fr\/resources-fr\/moving-faq\/#breadcrumb"},"inLanguage":"fr-FR","potentialAction":[{"@type":"ReadAction","target":["https:\/\/amj.com\/fr\/resources-fr\/moving-faq\/"]}]},{"@type":"BreadcrumbList","@id":"https:\/\/amj.com\/fr\/resources-fr\/moving-faq\/#breadcrumb","itemListElement":[{"@type":"ListItem","position":1,"name":"Home","item":"https:\/\/amj.com\/fr\/"},{"@type":"ListItem","position":2,"name":"Resources","item":"https:\/\/amj.com\/fr\/resources-fr\/"},{"@type":"ListItem","position":3,"name":"FAQs"}]},{"@type":"WebSite","@id":"https:\/\/amj.com\/fr\/#website","url":"https:\/\/amj.com\/fr\/","name":"AMJ MOVE - CANADA'S LARGEST MOVER","description":"Make Your Best Move","publisher":{"@id":"https:\/\/amj.com\/fr\/#organization"},"potentialAction":[{"@type":"SearchAction","target":{"@type":"EntryPoint","urlTemplate":"https:\/\/amj.com\/fr\/?s={search_term_string}"},"query-input":{"@type":"PropertyValueSpecification","valueRequired":true,"valueName":"search_term_string"}}],"inLanguage":"fr-FR"},{"@type":"Organization","@id":"https:\/\/amj.com\/fr\/#organization","name":"AMJ","url":"https:\/\/amj.com\/fr\/","logo":{"@type":"ImageObject","inLanguage":"fr-FR","@id":"https:\/\/amj.com\/fr\/#\/schema\/logo\/image\/","url":"https:\/\/amj.com\/wp-content\/uploads\/2020\/09\/LOGO_NEW_EN.svg","contentUrl":"https:\/\/amj.com\/wp-content\/uploads\/2020\/09\/LOGO_NEW_EN.svg","width":1,"height":1,"caption":"AMJ"},"image":{"@id":"https:\/\/amj.com\/fr\/#\/schema\/logo\/image\/"},"sameAs":["https:\/\/www.facebook.com\/AMJCampbellMoving\/","https:\/\/x.com\/amjcampbell","https:\/\/www.instagram.com\/amjcampbell\/","https:\/\/www.linkedin.com\/company\/amjcampbell\/","https:\/\/www.youtube.com\/c\/AmjtorontomovingOnt\/"]}]}},"_links":{"self":[{"href":"https:\/\/amj.com\/fr\/wp-json\/wp\/v2\/pages\/4244","targetHints":{"allow":["GET"]}}],"collection":[{"href":"https:\/\/amj.com\/fr\/wp-json\/wp\/v2\/pages"}],"about":[{"href":"https:\/\/amj.com\/fr\/wp-json\/wp\/v2\/types\/page"}],"author":[{"embeddable":true,"href":"https:\/\/amj.com\/fr\/wp-json\/wp\/v2\/users\/15"}],"replies":[{"embeddable":true,"href":"https:\/\/amj.com\/fr\/wp-json\/wp\/v2\/comments?post=4244"}],"version-history":[{"count":0,"href":"https:\/\/amj.com\/fr\/wp-json\/wp\/v2\/pages\/4244\/revisions"}],"up":[{"embeddable":true,"href":"https:\/\/amj.com\/fr\/wp-json\/wp\/v2\/pages\/3975"}],"wp:attachment":[{"href":"https:\/\/amj.com\/fr\/wp-json\/wp\/v2\/media?parent=4244"}],"curies":[{"name":"wp","href":"https:\/\/api.w.org\/{rel}","templated":true}]}}