{"id":5017,"date":"2020-09-24T23:15:51","date_gmt":"2020-09-25T03:15:51","guid":{"rendered":"https:\/\/amjmove.com\/?page_id=5017"},"modified":"2021-04-11T20:13:44","modified_gmt":"2021-04-12T00:13:44","slug":"track-delivery","status":"publish","type":"page","link":"https:\/\/amj.com\/fr\/resources-fr\/track-delivery\/","title":{"rendered":"Track Delivery"},"content":{"rendered":"<section class=\"section generic-content\">\n    <div class=\"row\">\n      <div class=\"column\">\n        <h1 style=\"color: #0072bc; text-align: center;\">Rep\u00e9rez votre commande<\/h1>\n<p style=\"text-align: center; max-width: 540px; margin: 0 auto 40px;\">Votre commande est en route. Vous pouvez conna\u00eetre son \u00e9tat actuel en inscrivant votre num\u00e9ro de commande ou votre num\u00e9ro de t\u00e9l\u00e9phone ici.<\/p>\n<p><iframe id=\"tracker\" style=\"margin: 0 auto; display: block;\" data-src=\"https:\/\/amj360.dispatchtrack.com\/track\/widget\/amj360\" width=\"300px\" height=\"144px\" frameborder=\"0\" src=\"data:image\/svg+xml;base64,PHN2ZyB3aWR0aD0iMSIgaGVpZ2h0PSIxIiB4bWxucz0iaHR0cDovL3d3dy53My5vcmcvMjAwMC9zdmciPjwvc3ZnPg==\" class=\"lazyload\" data-load-mode=\"1\"><\/iframe><\/p>\n<style>@media screen and (min-width:1024px) { #tracker { margin-bottom: -100px }}<\/style>\n\n      <\/div>\n    <\/div>\n  <\/section>\n\n\n<section class=\"section icon-cards icon-cards--carousel\">\n  <div class=\"row\">\n    <div class=\"column\">\n      <div class=\"icon-cards__inner\" data-equalizer data-equalize-on-stack=\"true\">\n                              <div class=\"icon-cards__card\">\n                                    <div class=\"icon-cards__card--icon\">\n                <img  data-src=\"https:\/\/amj.com\/wp-content\/uploads\/2020\/09\/Service_Delivery.svg\" data-srcset=\"https:\/\/amj.com\/wp-content\/uploads\/2020\/09\/Service_Delivery.svg 1x\" alt=\"\" class=\"lazy\" loading=\"lazy\">\n              <\/div>\n                                      <h2 data-equalizer-watch>Nous nous verrons bient\u00f4t! <\/h2>\n                                      <p>Qu\u2019il s\u2019agisse d\u2019une petite ou d\u2019une grosse commande, l\u2019\u00e9quipe d\u2019AMJ s\u2019engage \u00e0 vous la livrer en vous offrant un service expert et personnalis\u00e9. De nos jours, nous savons qu\u2019il est important pour tout le monde d\u2019assurer des livraisons fiables et nous nous sommes engag\u00e9s \u00e0 rendre cela possible pour tous nos clients, d\u2019un bout \u00e0 l\u2019autre du Canada. <\/p>\n                                              <\/div>\n                        <\/div>\n          <\/div>\n  <\/div>\n<\/section>\n\n\n<section class=\"section footer-cta  footer-cta--box \">\n        <div class=\"row\">\n      <div class=\"column\">\n        <div class=\"footer-cta__box footer-cta__box--two footer-cta__box--or \">\n          <div class=\"footer-cta__cta\">\n                                      <h2 class=\"like-h4\">Parlez-nous de votre d\u00e9m\u00e9nagement.<br \/>\r\n1 888 AMJ MOVE (265-6683)<\/h2>\n                                                                        <\/div>\n                                    <div class=\"footer-cta__or\">\n                <span class=\"like-h5\">or<\/span>\n              <\/div>\n              <div class=\"footer-cta__icon\">\n                <img decoding=\"async\" data-src=\"https:\/\/amj.com\/wp-content\/themes\/amj-2020\/dist\/images\/hand-truck--blue_976be37c.svg\" alt=\"\" src=\"data:image\/svg+xml;base64,PHN2ZyB3aWR0aD0iMSIgaGVpZ2h0PSIxIiB4bWxucz0iaHR0cDovL3d3dy53My5vcmcvMjAwMC9zdmciPjwvc3ZnPg==\" class=\"lazyload\">\n              <\/div>\n                        <div class=\"footer-cta__cta\">\n                                            <h2 class=\"like-h4\">Surveillez votre budget.<br \/>\r\nVoici une estimation gratuite!<\/h2>\n                                                          <a class=\"amj-btn amj-btn--arrow\"  href=\"\/fr\/get-a-quote\">Obtenir un <span class=\"link-end\">devis <i class=\"fas fa-arrow-right\"><\/i><\/span><\/a>\r\n  \r\n                          <\/div>\n                  <\/div>\n      <\/div>\n    <\/div>\n  <\/section>\n","protected":false},"excerpt":{"rendered":"","protected":false},"author":6,"featured_media":0,"parent":3975,"menu_order":0,"comment_status":"closed","ping_status":"closed","template":"","meta":{"_acf_changed":false,"footnotes":""},"class_list":["post-5017","page","type-page","status-publish","hentry"],"acf":[],"yoast_head":"<!-- This site is optimized with the Yoast SEO Premium plugin v25.2 (Yoast SEO v27.3) - https:\/\/yoast.com\/product\/yoast-seo-premium-wordpress\/ -->\n<title>Track Delivery - Canada&#039;s #1 Moving Company | Stress-Free Moving Services<\/title>\n<meta name=\"description\" content=\"Une fois votre commande en route, v\u00e9rifiez son statut avec votre num\u00e9ro de commande ou votre num\u00e9ro de t\u00e9l\u00e9phone.\" \/>\n<meta name=\"robots\" content=\"index, follow, max-snippet:-1, max-image-preview:large, max-video-preview:-1\" \/>\n<link rel=\"canonical\" href=\"https:\/\/amj.com\/fr\/resources-fr\/track-delivery\/\" \/>\n<meta property=\"og:locale\" content=\"fr_FR\" \/>\n<meta property=\"og:type\" content=\"article\" \/>\n<meta property=\"og:title\" content=\"Track Delivery\" \/>\n<meta property=\"og:url\" content=\"https:\/\/amj.com\/fr\/resources-fr\/track-delivery\/\" \/>\n<meta property=\"og:site_name\" content=\"Canada&#039;s #1 Moving Company | Stress-Free Moving Services\" \/>\n<meta property=\"article:publisher\" content=\"https:\/\/www.facebook.com\/AMJCampbellMoving\/\" \/>\n<meta property=\"article:modified_time\" content=\"2021-04-12T00:13:44+00:00\" \/>\n<meta name=\"twitter:card\" content=\"summary_large_image\" \/>\n<meta name=\"twitter:site\" content=\"@amjcampbell\" \/>\n<script type=\"application\/ld+json\" class=\"yoast-schema-graph\">{\"@context\":\"https:\\\/\\\/schema.org\",\"@graph\":[{\"@type\":\"WebPage\",\"@id\":\"https:\\\/\\\/amj.com\\\/fr\\\/resources-fr\\\/track-delivery\\\/\",\"url\":\"https:\\\/\\\/amj.com\\\/fr\\\/resources-fr\\\/track-delivery\\\/\",\"name\":\"Track Delivery - Canada&#039;s #1 Moving Company | Stress-Free Moving Services\",\"isPartOf\":{\"@id\":\"https:\\\/\\\/amj.com\\\/fr\\\/#website\"},\"datePublished\":\"2020-09-25T03:15:51+00:00\",\"dateModified\":\"2021-04-12T00:13:44+00:00\",\"description\":\"Une fois votre commande en route, v\u00e9rifiez son statut avec votre num\u00e9ro de commande ou votre num\u00e9ro de t\u00e9l\u00e9phone.\",\"breadcrumb\":{\"@id\":\"https:\\\/\\\/amj.com\\\/fr\\\/resources-fr\\\/track-delivery\\\/#breadcrumb\"},\"inLanguage\":\"fr-FR\",\"potentialAction\":[{\"@type\":\"ReadAction\",\"target\":[\"https:\\\/\\\/amj.com\\\/fr\\\/resources-fr\\\/track-delivery\\\/\"]}]},{\"@type\":\"BreadcrumbList\",\"@id\":\"https:\\\/\\\/amj.com\\\/fr\\\/resources-fr\\\/track-delivery\\\/#breadcrumb\",\"itemListElement\":[{\"@type\":\"ListItem\",\"position\":1,\"name\":\"Home\",\"item\":\"https:\\\/\\\/amj.com\\\/fr\\\/\"},{\"@type\":\"ListItem\",\"position\":2,\"name\":\"Resources\",\"item\":\"https:\\\/\\\/amj.com\\\/fr\\\/resources-fr\\\/\"},{\"@type\":\"ListItem\",\"position\":3,\"name\":\"Track Delivery\"}]},{\"@type\":\"WebSite\",\"@id\":\"https:\\\/\\\/amj.com\\\/fr\\\/#website\",\"url\":\"https:\\\/\\\/amj.com\\\/fr\\\/\",\"name\":\"AMJ MOVE - CANADA'S LARGEST MOVER\",\"description\":\"Make Your Best Move\",\"publisher\":{\"@id\":\"https:\\\/\\\/amj.com\\\/fr\\\/#organization\"},\"potentialAction\":[{\"@type\":\"SearchAction\",\"target\":{\"@type\":\"EntryPoint\",\"urlTemplate\":\"https:\\\/\\\/amj.com\\\/fr\\\/?s={search_term_string}\"},\"query-input\":{\"@type\":\"PropertyValueSpecification\",\"valueRequired\":true,\"valueName\":\"search_term_string\"}}],\"inLanguage\":\"fr-FR\"},{\"@type\":\"Organization\",\"@id\":\"https:\\\/\\\/amj.com\\\/fr\\\/#organization\",\"name\":\"AMJ\",\"url\":\"https:\\\/\\\/amj.com\\\/fr\\\/\",\"logo\":{\"@type\":\"ImageObject\",\"inLanguage\":\"fr-FR\",\"@id\":\"https:\\\/\\\/amj.com\\\/fr\\\/#\\\/schema\\\/logo\\\/image\\\/\",\"url\":\"https:\\\/\\\/amj.com\\\/wp-content\\\/uploads\\\/2020\\\/09\\\/LOGO_NEW_EN.svg\",\"contentUrl\":\"https:\\\/\\\/amj.com\\\/wp-content\\\/uploads\\\/2020\\\/09\\\/LOGO_NEW_EN.svg\",\"width\":1,\"height\":1,\"caption\":\"AMJ\"},\"image\":{\"@id\":\"https:\\\/\\\/amj.com\\\/fr\\\/#\\\/schema\\\/logo\\\/image\\\/\"},\"sameAs\":[\"https:\\\/\\\/www.facebook.com\\\/AMJCampbellMoving\\\/\",\"https:\\\/\\\/x.com\\\/amjcampbell\",\"https:\\\/\\\/www.instagram.com\\\/amjcampbell\\\/\",\"https:\\\/\\\/www.linkedin.com\\\/company\\\/amjcampbell\\\/\",\"https:\\\/\\\/www.youtube.com\\\/c\\\/AmjtorontomovingOnt\\\/\"]}]}<\/script>\n<!-- \/ Yoast SEO Premium plugin. -->","yoast_head_json":{"title":"Track Delivery - Canada&#039;s #1 Moving Company | Stress-Free Moving Services","description":"Une fois votre commande en route, v\u00e9rifiez son statut avec votre num\u00e9ro de commande ou votre num\u00e9ro de t\u00e9l\u00e9phone.","robots":{"index":"index","follow":"follow","max-snippet":"max-snippet:-1","max-image-preview":"max-image-preview:large","max-video-preview":"max-video-preview:-1"},"canonical":"https:\/\/amj.com\/fr\/resources-fr\/track-delivery\/","og_locale":"fr_FR","og_type":"article","og_title":"Track Delivery","og_url":"https:\/\/amj.com\/fr\/resources-fr\/track-delivery\/","og_site_name":"Canada&#039;s #1 Moving Company | Stress-Free Moving Services","article_publisher":"https:\/\/www.facebook.com\/AMJCampbellMoving\/","article_modified_time":"2021-04-12T00:13:44+00:00","twitter_card":"summary_large_image","twitter_site":"@amjcampbell","schema":{"@context":"https:\/\/schema.org","@graph":[{"@type":"WebPage","@id":"https:\/\/amj.com\/fr\/resources-fr\/track-delivery\/","url":"https:\/\/amj.com\/fr\/resources-fr\/track-delivery\/","name":"Track Delivery - Canada&#039;s #1 Moving Company | Stress-Free Moving Services","isPartOf":{"@id":"https:\/\/amj.com\/fr\/#website"},"datePublished":"2020-09-25T03:15:51+00:00","dateModified":"2021-04-12T00:13:44+00:00","description":"Une fois votre commande en route, v\u00e9rifiez son statut avec votre num\u00e9ro de commande ou votre num\u00e9ro de t\u00e9l\u00e9phone.","breadcrumb":{"@id":"https:\/\/amj.com\/fr\/resources-fr\/track-delivery\/#breadcrumb"},"inLanguage":"fr-FR","potentialAction":[{"@type":"ReadAction","target":["https:\/\/amj.com\/fr\/resources-fr\/track-delivery\/"]}]},{"@type":"BreadcrumbList","@id":"https:\/\/amj.com\/fr\/resources-fr\/track-delivery\/#breadcrumb","itemListElement":[{"@type":"ListItem","position":1,"name":"Home","item":"https:\/\/amj.com\/fr\/"},{"@type":"ListItem","position":2,"name":"Resources","item":"https:\/\/amj.com\/fr\/resources-fr\/"},{"@type":"ListItem","position":3,"name":"Track Delivery"}]},{"@type":"WebSite","@id":"https:\/\/amj.com\/fr\/#website","url":"https:\/\/amj.com\/fr\/","name":"AMJ MOVE - CANADA'S LARGEST MOVER","description":"Make Your Best Move","publisher":{"@id":"https:\/\/amj.com\/fr\/#organization"},"potentialAction":[{"@type":"SearchAction","target":{"@type":"EntryPoint","urlTemplate":"https:\/\/amj.com\/fr\/?s={search_term_string}"},"query-input":{"@type":"PropertyValueSpecification","valueRequired":true,"valueName":"search_term_string"}}],"inLanguage":"fr-FR"},{"@type":"Organization","@id":"https:\/\/amj.com\/fr\/#organization","name":"AMJ","url":"https:\/\/amj.com\/fr\/","logo":{"@type":"ImageObject","inLanguage":"fr-FR","@id":"https:\/\/amj.com\/fr\/#\/schema\/logo\/image\/","url":"https:\/\/amj.com\/wp-content\/uploads\/2020\/09\/LOGO_NEW_EN.svg","contentUrl":"https:\/\/amj.com\/wp-content\/uploads\/2020\/09\/LOGO_NEW_EN.svg","width":1,"height":1,"caption":"AMJ"},"image":{"@id":"https:\/\/amj.com\/fr\/#\/schema\/logo\/image\/"},"sameAs":["https:\/\/www.facebook.com\/AMJCampbellMoving\/","https:\/\/x.com\/amjcampbell","https:\/\/www.instagram.com\/amjcampbell\/","https:\/\/www.linkedin.com\/company\/amjcampbell\/","https:\/\/www.youtube.com\/c\/AmjtorontomovingOnt\/"]}]}},"_links":{"self":[{"href":"https:\/\/amj.com\/fr\/wp-json\/wp\/v2\/pages\/5017","targetHints":{"allow":["GET"]}}],"collection":[{"href":"https:\/\/amj.com\/fr\/wp-json\/wp\/v2\/pages"}],"about":[{"href":"https:\/\/amj.com\/fr\/wp-json\/wp\/v2\/types\/page"}],"author":[{"embeddable":true,"href":"https:\/\/amj.com\/fr\/wp-json\/wp\/v2\/users\/6"}],"replies":[{"embeddable":true,"href":"https:\/\/amj.com\/fr\/wp-json\/wp\/v2\/comments?post=5017"}],"version-history":[{"count":0,"href":"https:\/\/amj.com\/fr\/wp-json\/wp\/v2\/pages\/5017\/revisions"}],"up":[{"embeddable":true,"href":"https:\/\/amj.com\/fr\/wp-json\/wp\/v2\/pages\/3975"}],"wp:attachment":[{"href":"https:\/\/amj.com\/fr\/wp-json\/wp\/v2\/media?parent=5017"}],"curies":[{"name":"wp","href":"https:\/\/api.w.org\/{rel}","templated":true}]}}