{"id":5033,"date":"2020-07-06T23:39:03","date_gmt":"2020-07-07T03:39:03","guid":{"rendered":"https:\/\/amjmove.com\/resources-fr\/packing-tips\/"},"modified":"2020-12-04T09:28:21","modified_gmt":"2020-12-04T14:28:21","slug":"packing-tips","status":"publish","type":"page","link":"https:\/\/amj.com\/fr\/resources-fr\/packing-tips\/","title":{"rendered":"Packing Tips"},"content":{"rendered":"<section class=\"hide-for-large section long-text-hero long-text-hero--default long-text-hero--num-false\">\n  <div class=\"row\">\n    <div class=\"column\">\n                        <h1>Simplifier l\u2019emballage<\/h1>\n                  <\/div>\n  <\/div>\n<\/section>\n<section class=\"section long-text-hero long-text-hero--default long-text-hero--num-false default\">\n  <div class=\"row\">\n    <div class=\"column\">\n      <div class=\"long-text-hero__inner\">\n        <div class=\"long-text-hero__left\">\n                                    <h1 class=\"show-for-large\">Simplifier l\u2019emballage<\/h1>\n                                            <div class=\"long-text-hero__left__intro\"><p>Nous menons tous une vie bien remplie. Un d\u00e9m\u00e9nagement n\u2019est pas une mince affaire et l\u2019emballage est la plus grande partie de ce processus. Fort heureusement, nous avons pour vous quelques trucs et conseils pour simplifier et rendre plus efficace la pr\u00e9paration de votre maison ou de votre bureau en vue du d\u00e9m\u00e9nagement.<\/p>\n<p>Avec plus d\u2019un million de d\u00e9m\u00e9nagements \u00e0 notre actif, nous connaissons les ficelles du m\u00e9tier. Alors, n\u2019attendez pas que la date du d\u00e9m\u00e9nagement soit proche pour commencer \u00e0 utiliser le guide d\u2019AMJ afin de devenir un pro de l\u2019emballage.<\/p>\n<\/div>\n                                <br><br>\n            <a class=\"amj-btn amj-btn--pill\"  href=\"\/fr\/resources\/moving-checklist\">Obtenir la liste de contr\u00f4le d\u2019AMJ <\/a>\r\n  \r\n                            <\/div>\n        <div class=\"long-text-hero__right \">\n                      <div class=\"long-text-hero__image shadow\">\n              <img decoding=\"async\" data-src=\"https:\/\/amj.com\/wp-content\/uploads\/2020\/09\/AMJ_Office_Crop_1.jpg\" alt=\"\" aria-role=\"presentation\" role=\"presentation\" src=\"data:image\/svg+xml;base64,PHN2ZyB3aWR0aD0iMSIgaGVpZ2h0PSIxIiB4bWxucz0iaHR0cDovL3d3dy53My5vcmcvMjAwMC9zdmciPjwvc3ZnPg==\" class=\"lazyload\" style=\"--smush-placeholder-width: 1396px; --smush-placeholder-aspect-ratio: 1396\/1240;\">\n            <\/div>\n                                      <\/div>\n      <\/div>\n    <\/div>\n  <\/div>\n<\/section>\n\n\n<section class=\"section fancy-list fancy-list--right-multi fancy-list--num-true\">\n  <div class=\"row\">\n    <div class=\"column\">\n              <div class=\"fancy-list__intro text-center\" data-equalizer-watch>\n                      <h2>Comment devenir un pro de l\u2019emballage<\/h2>\n                                      <\/div>\n            <div class=\"fancy-list__inner\" data-equalizer data-equalize-on=\"medium\" data-equalize-on-stack=\"true\">\n        <div class=\"fancy-list__left\">\n                                                              <div class=\"fancy-list__image-list\">\n                              <img  data-src=\"https:\/\/amj.com\/wp-content\/uploads\/2020\/09\/AMJ_BoxingTip_Crop_1.jpg\" data-srcset=\"https:\/\/amj.com\/wp-content\/uploads\/2020\/09\/AMJ_BoxingTip_Crop_1.jpg 1x\" alt=\"\" class=\"lazy\" loading=\"lazy\">\n                              <img  data-src=\"https:\/\/amj.com\/wp-content\/uploads\/2020\/09\/AMJ_BoxingTip_Crop_2.jpg\" data-srcset=\"https:\/\/amj.com\/wp-content\/uploads\/2020\/09\/AMJ_BoxingTip_Crop_2.jpg 1x\" alt=\"\" class=\"lazy\" loading=\"lazy\">\n                              <img  data-src=\"https:\/\/amj.com\/wp-content\/uploads\/2020\/09\/AMJ_BoxingTip_Crop_3.jpg\" data-srcset=\"https:\/\/amj.com\/wp-content\/uploads\/2020\/09\/AMJ_BoxingTip_Crop_3.jpg 1x\" alt=\"\" class=\"lazy\" loading=\"lazy\">\n                              <img  data-src=\"https:\/\/amj.com\/wp-content\/uploads\/2020\/09\/AMJ_BoxingTip_Crop_4.jpg\" data-srcset=\"https:\/\/amj.com\/wp-content\/uploads\/2020\/09\/AMJ_BoxingTip_Crop_4.jpg 1x\" alt=\"\" class=\"lazy\" loading=\"lazy\">\n                          <\/div>\n                  <\/div>\n        <div class=\"fancy-list__right\">\n                                <div data-equalizer-watch class=\"hide-for-medium\"><\/div>\n                                <div class=\"fancy-list__list\">\n                                                <div class=\"fancy-list__midImage\">\n                    <img  data-src=\"https:\/\/amj.com\/wp-content\/uploads\/2020\/09\/AMJ_BoxingTip_Crop_1.jpg\" data-srcset=\"https:\/\/amj.com\/wp-content\/uploads\/2020\/09\/AMJ_BoxingTip_Crop_1.jpg 1x\" alt=\"\" class=\"lazy\" loading=\"lazy\">\n                  <\/div>\n                                <div class=\"fancy-list__item\">\n                  <div class=\"fancy-list__item__num\">\n                    <span class=\"like-h4\">1<\/span>\n                    <div class=\"amj-line\"><\/div>\n                  <\/div>\n                  <div class=\"fancy-list__item__content\">\n                                          <h3 class=\"like-h4\">Faites une s\u00e9lection<\/h3>\n                                                              <p>Tout d&rsquo;abord, faites une s\u00e9lection de ce que vous aimeriez emballer et ce qui peut \u00eatre recycler ou encore donn\u00e9 \u00e0 un organisme de charit\u00e9, Vous aurez ainsi moins de bo\u00eetes \u00e0 d\u00e9m\u00e9nager.<\/p>\n\n                                      <\/div>\n                <\/div>\n                                                <div class=\"fancy-list__midImage\">\n                    <img  data-src=\"https:\/\/amj.com\/wp-content\/uploads\/2020\/09\/AMJ_BoxingTip_Crop_2.jpg\" data-srcset=\"https:\/\/amj.com\/wp-content\/uploads\/2020\/09\/AMJ_BoxingTip_Crop_2.jpg 1x\" alt=\"\" class=\"lazy\" loading=\"lazy\">\n                  <\/div>\n                                <div class=\"fancy-list__item\">\n                  <div class=\"fancy-list__item__num\">\n                    <span class=\"like-h4\">2<\/span>\n                    <div class=\"amj-line\"><\/div>\n                  <\/div>\n                  <div class=\"fancy-list__item__content\">\n                                          <h3 class=\"like-h4\">Soyez avant tout organis\u00e9.<\/h3>\n                                                              <p>C\u2019est merveilleux de voir ce qu\u2019on peut accomplir avec un horaire et un plan de base. En \u00e9crivant tout simplement ce que vous souhaitez accomplir et la date \u00e0 laquelle vous voulez que ce soit fait, vous pouvez organiser votre espace pour que vous n\u2019ayez pas \u00e0 tout faire \u00e0 la h\u00e2te plus tard.<\/p>\n\n                                      <\/div>\n                <\/div>\n                                                <div class=\"fancy-list__midImage\">\n                    <img  data-src=\"https:\/\/amj.com\/wp-content\/uploads\/2020\/09\/AMJ_BoxingTip_Crop_3.jpg\" data-srcset=\"https:\/\/amj.com\/wp-content\/uploads\/2020\/09\/AMJ_BoxingTip_Crop_3.jpg 1x\" alt=\"\" class=\"lazy\" loading=\"lazy\">\n                  <\/div>\n                                <div class=\"fancy-list__item\">\n                  <div class=\"fancy-list__item__num\">\n                    <span class=\"like-h4\">3<\/span>\n                    <div class=\"amj-line\"><\/div>\n                  <\/div>\n                  <div class=\"fancy-list__item__content\">\n                                          <h3 class=\"like-h4\">Utilisez les bons outils pour l\u2019emballage.<\/h3>\n                                                              <p>De simples fournitures vous faciliteront la vie. Des bo\u00eetes de la bonne taille et de bonne qualit\u00e9. Un d\u00e9vidoir \u00e0 ruban adh\u00e9sif. Du papier bulle. Quelques bons marqueurs. Tout ceci constitue de petits investissements tr\u00e8s rentables.<\/p>\n\n                                      <\/div>\n                <\/div>\n                                                <div class=\"fancy-list__midImage\">\n                    <img  data-src=\"https:\/\/amj.com\/wp-content\/uploads\/2020\/09\/AMJ_BoxingTip_Crop_4.jpg\" data-srcset=\"https:\/\/amj.com\/wp-content\/uploads\/2020\/09\/AMJ_BoxingTip_Crop_4.jpg 1x\" alt=\"\" class=\"lazy\" loading=\"lazy\">\n                  <\/div>\n                                <div class=\"fancy-list__item\">\n                  <div class=\"fancy-list__item__num\">\n                    <span class=\"like-h4\">4<\/span>\n                    <div class=\"amj-line\"><\/div>\n                  <\/div>\n                  <div class=\"fancy-list__item__content\">\n                                          <h3 class=\"like-h4\">Nettoyez-le avant de l\u2019envoyer.<\/h3>\n                                                              <p>Nettoyez et \u00e9poussetez vos effets avant de les mettre dans des bo\u00eetes afin de faciliter le d\u00e9ballage. Apr\u00e8s tout, les essuyer vous permettra de vous installer plus rapidement!<\/p>\n\n                                      <\/div>\n                <\/div>\n                                              <div class=\"fancy-list__item\">\n                  <div class=\"fancy-list__item__num\">\n                    <span class=\"like-h4\">5<\/span>\n                    <div class=\"amj-line\"><\/div>\n                  <\/div>\n                  <div class=\"fancy-list__item__content\">\n                                          <h3 class=\"like-h4\">Faites des cat\u00e9gories logiques.<\/h3>\n                                                              <p>En r\u00e9partissant vos effets en fonction de la pi\u00e8ce o\u00f9 vous les placerez, vous gagnerez du temps en amont comme en aval du processus de d\u00e9m\u00e9nagement. Cela contribuera aussi \u00e0 diminuer les \u00e9tapes pour vous <em>et aussi<\/em> pour nous!<\/p>\n\n                                      <\/div>\n                <\/div>\n                                              <div class=\"fancy-list__item\">\n                  <div class=\"fancy-list__item__num\">\n                    <span class=\"like-h4\">6<\/span>\n                    <div class=\"amj-line\"><\/div>\n                  <\/div>\n                  <div class=\"fancy-list__item__content\">\n                                          <h3 class=\"like-h4\">\u00c9tiquetez, \u00e9tiquetez, \u00e9tiquetez<\/h3>\n                                                              <p>La gestion des bo\u00eetes non identifi\u00e9es est un cauchemar lorsqu\u2019on veut savoir o\u00f9 placer quelque chose, ou lorsque vous en avez besoin tout de suite. Il suffit d\u2019\u00e9tiqueter vos bo\u00eetes. (Et non, la mention \u00ab\u2009Divers\u2009\u00bb ne vous aidera pas.)<\/p>\n\n                                      <\/div>\n                <\/div>\n                                              <div class=\"fancy-list__item\">\n                  <div class=\"fancy-list__item__num\">\n                    <span class=\"like-h4\">7<\/span>\n                    <div class=\"amj-line\"><\/div>\n                  <\/div>\n                  <div class=\"fancy-list__item__content\">\n                                          <h3 class=\"like-h4\">Consacrez du temps \u00e0 vos objets fragiles  <\/h3>\n                                                              <p>Emballer vos objets fragiles au dernier moment est une mauvaise id\u00e9e. Ils ont besoin d\u2019un peu plus d\u2019amour et de papier bulle. Alors, laissez-vous suffisamment de temps pour rendre vos objets cassables incassables.<\/p>\n\n                                      <\/div>\n                <\/div>\n                                              <div class=\"fancy-list__item\">\n                  <div class=\"fancy-list__item__num\">\n                    <span class=\"like-h4\">8<\/span>\n                    <div class=\"amj-line\"><\/div>\n                  <\/div>\n                  <div class=\"fancy-list__item__content\">\n                                          <h3 class=\"like-h4\">En cas de doute, appelez-nous<\/h3>\n                                                              <p>Si vous vous sentez submerg\u00e9 \u00e0 la perspective d\u2019emballer vos effets en pr\u00e9vision de votre d\u00e9m\u00e9nagement ou si vous n\u2019avez pas vraiment le temps de le faire, envisagez de faire appel aux services d\u2019emballage d\u2019AMJ. Nous emballerons vos effets en un temps record.<\/p>\n\n                                      <\/div>\n                <\/div>\n                          <\/div>\n                            <\/div>\n      <\/div>\n    <\/div>\n  <\/div>\n<\/section>\n\n\n<section class=\"section post-grid\">\n  <div class=\"row\">\n    <div class=\"column\">\n              <div class=\"post-grid__intro\">\n                      <h2 class=\"text-center\">Les conseils d\u2019expert d\u2019AMJ en mati\u00e8re de d\u00e9m\u00e9nagement<\/h2>\n                                <p class=\"text-center\">Croyez-nous, il y a toujours quelque chose \u00e0 faire pour simplifier la fa\u00e7on d\u2019emballer vos effets pour le d\u00e9m\u00e9nagement de votre r\u00e9sidence ou de votre bureau. Les experts d\u2019AMJ vous offriront des conseils avis\u00e9s pour vous guider.  <\/p>\n                  <\/div>\n                    <div class=\"grid3 grid3--padded\">\n                                            <a href=\"https:\/\/amj.com\/fr\/5-conseils-pour-simplifier-vos-demenagements\/\" class=\"card\" >\n      <img  data-src=\"https:\/\/amj.com\/wp-content\/uploads\/2020\/07\/gettyimages-168580609.jpg\" data-srcset=\"https:\/\/amj.com\/wp-content\/uploads\/2020\/07\/gettyimages-168580609.jpg 1x\" alt=\"\" class=\"lazy\" loading=\"lazy\">\n    <div class=\"card__content\">\n    <header>\n              <h3 class=\"like-h4\">5 conseils pour simplifier vos d\u00e9m\u00e9nagements<\/h3>\n                    <span class=\"byline\">23 juillet 2019<\/span>\n          <\/header>\n          <div class=\"card__content__text\">\n        <p>Il peut sembler impossible de vivre un d\u00e9m\u00e9nagement facile, particuli\u00e8rement lorsqu\u2019il reste beaucoup \u00e0 faire et que le grand jour&#8230;<\/p>\n      <\/div>\n            <span class=\"amj-btn amj-btn--arrow\">En savoir <span class=\"link-end\">plus <i class=\"fas fa-arrow-right\"><\/i><\/span><\/span>\r\n\r\n      <\/div>\n<\/a>\n                                  <a href=\"https:\/\/amj.com\/fr\/comment-emballer-vos-articles-precieux\/\" class=\"card\" >\n      <img  data-src=\"https:\/\/amj.com\/wp-content\/uploads\/2020\/07\/how-to-pack-your-most-treasured-items-scaled.jpg\" data-srcset=\"https:\/\/amj.com\/wp-content\/uploads\/2020\/07\/how-to-pack-your-most-treasured-items-scaled.jpg 1x\" alt=\"\" class=\"lazy\" loading=\"lazy\">\n    <div class=\"card__content\">\n    <header>\n              <h3 class=\"like-h4\">Comment emballer vos articles pr\u00e9cieux<\/h3>\n                    <span class=\"byline\">7 ao\u00fbt 2019<\/span>\n          <\/header>\n          <div class=\"card__content__text\">\n        <p>\u00ab&nbsp;Manipuler avec soin&nbsp;\u00bb, c\u2019est plus vite dit que fait quand on se d\u00e9p\u00eache de tout emballer avant le jour du&#8230;<\/p>\n      <\/div>\n            <span class=\"amj-btn amj-btn--arrow\">En savoir <span class=\"link-end\">plus <i class=\"fas fa-arrow-right\"><\/i><\/span><\/span>\r\n\r\n      <\/div>\n<\/a>\n                                  <a href=\"https:\/\/amj.com\/fr\/des-produits-demballage-pour-gagner-du-temps-et-avoir-lesprit-tranquille\/\" class=\"card\" >\n      <img  data-src=\"https:\/\/amj.com\/wp-content\/uploads\/2020\/07\/packing-products-to-help-you-save-time-and-gain-peace-of-mind.jpg\" data-srcset=\"https:\/\/amj.com\/wp-content\/uploads\/2020\/07\/packing-products-to-help-you-save-time-and-gain-peace-of-mind.jpg 1x\" alt=\"\" class=\"lazy\" loading=\"lazy\">\n    <div class=\"card__content\">\n    <header>\n              <h3 class=\"like-h4\">Des produits d\u2019emballage pour gagner du temps et avoir l\u2019esprit tranquille<\/h3>\n                    <span class=\"byline\">7 ao\u00fbt 2019<\/span>\n          <\/header>\n          <div class=\"card__content__text\">\n        <p>Le jour du d\u00e9m\u00e9nagement approche! Bien que s\u2019installer dans une nouvelle maison soit excitant, cela peut aussi \u00eatre intimidant. Si&#8230;<\/p>\n      <\/div>\n            <span class=\"amj-btn amj-btn--arrow\">En savoir <span class=\"link-end\">plus <i class=\"fas fa-arrow-right\"><\/i><\/span><\/span>\r\n\r\n      <\/div>\n<\/a>\n                            <\/div>\n          <\/div>\n  <\/div>\n<\/section>\n\n\n<section class=\"section footer-cta  footer-cta--box \">\n        <div class=\"row\">\n      <div class=\"column\">\n        <div class=\"footer-cta__box footer-cta__box--two footer-cta__box--or \">\n          <div class=\"footer-cta__cta\">\n                                      <h2 class=\"like-h4\">Parlez-nous de votre d\u00e9m\u00e9nagement.<br \/>\r\n1 888 AMJ MOVE (265-6683)<\/h2>\n                                                                        <\/div>\n                                    <div class=\"footer-cta__or\">\n                <span class=\"like-h5\">or<\/span>\n              <\/div>\n              <div class=\"footer-cta__icon\">\n                <img decoding=\"async\" data-src=\"https:\/\/amj.com\/wp-content\/themes\/amj-2020\/dist\/images\/hand-truck--blue_976be37c.svg\" alt=\"\" src=\"data:image\/svg+xml;base64,PHN2ZyB3aWR0aD0iMSIgaGVpZ2h0PSIxIiB4bWxucz0iaHR0cDovL3d3dy53My5vcmcvMjAwMC9zdmciPjwvc3ZnPg==\" class=\"lazyload\">\n              <\/div>\n                        <div class=\"footer-cta__cta\">\n                                            <h2 class=\"like-h4\">Surveillez votre budget.<br \/>\r\nVoici une estimation gratuite!<\/h2>\n                                                          <a class=\"amj-btn amj-btn--arrow\"  href=\"\/fr\/get-a-quote\">Obtenir un <span class=\"link-end\">devis <i class=\"fas fa-arrow-right\"><\/i><\/span><\/a>\r\n  \r\n                          <\/div>\n                  <\/div>\n      <\/div>\n    <\/div>\n  <\/section>\n","protected":false},"excerpt":{"rendered":"","protected":false},"author":15,"featured_media":0,"parent":3975,"menu_order":0,"comment_status":"closed","ping_status":"closed","template":"","meta":{"_acf_changed":false,"footnotes":""},"class_list":["post-5033","page","type-page","status-publish","hentry"],"acf":[],"yoast_head":"<!-- This site is optimized with the Yoast SEO Premium plugin v25.2 (Yoast SEO v27.3) - https:\/\/yoast.com\/product\/yoast-seo-premium-wordpress\/ -->\n<title>Packing Tips | AMJ | Canada&#039;s Largest Mover<\/title>\n<meta name=\"description\" content=\"AMJ&#039;s Official Packing Tips and Moving Tips and Checklist \u00b7 Start Planning Early \u00b7 Pack Off Season Items \u00b7 Moving Box 101 \u00b7 Let Go!\" \/>\n<meta name=\"robots\" content=\"index, follow, max-snippet:-1, max-image-preview:large, max-video-preview:-1\" \/>\n<link rel=\"canonical\" href=\"https:\/\/amj.com\/fr\/resources-fr\/packing-tips\/\" \/>\n<meta property=\"og:locale\" content=\"fr_FR\" \/>\n<meta property=\"og:type\" content=\"article\" \/>\n<meta property=\"og:title\" content=\"Packing Tips\" \/>\n<meta property=\"og:url\" content=\"https:\/\/amj.com\/fr\/resources-fr\/packing-tips\/\" \/>\n<meta property=\"og:site_name\" content=\"Canada&#039;s #1 Moving Company | Stress-Free Moving Services\" \/>\n<meta property=\"article:publisher\" content=\"https:\/\/www.facebook.com\/AMJCampbellMoving\/\" \/>\n<meta property=\"article:modified_time\" content=\"2020-12-04T14:28:21+00:00\" \/>\n<meta name=\"twitter:card\" content=\"summary_large_image\" \/>\n<meta name=\"twitter:site\" content=\"@amjcampbell\" \/>\n<script type=\"application\/ld+json\" class=\"yoast-schema-graph\">{\"@context\":\"https:\\\/\\\/schema.org\",\"@graph\":[{\"@type\":\"WebPage\",\"@id\":\"https:\\\/\\\/amj.com\\\/fr\\\/resources-fr\\\/packing-tips\\\/\",\"url\":\"https:\\\/\\\/amj.com\\\/fr\\\/resources-fr\\\/packing-tips\\\/\",\"name\":\"Packing Tips | AMJ | Canada's Largest Mover\",\"isPartOf\":{\"@id\":\"https:\\\/\\\/amj.com\\\/fr\\\/#website\"},\"datePublished\":\"2020-07-07T03:39:03+00:00\",\"dateModified\":\"2020-12-04T14:28:21+00:00\",\"description\":\"AMJ's Official Packing Tips and Moving Tips and Checklist \u00b7 Start Planning Early \u00b7 Pack Off Season Items \u00b7 Moving Box 101 \u00b7 Let Go!\",\"breadcrumb\":{\"@id\":\"https:\\\/\\\/amj.com\\\/fr\\\/resources-fr\\\/packing-tips\\\/#breadcrumb\"},\"inLanguage\":\"fr-FR\",\"potentialAction\":[{\"@type\":\"ReadAction\",\"target\":[\"https:\\\/\\\/amj.com\\\/fr\\\/resources-fr\\\/packing-tips\\\/\"]}]},{\"@type\":\"BreadcrumbList\",\"@id\":\"https:\\\/\\\/amj.com\\\/fr\\\/resources-fr\\\/packing-tips\\\/#breadcrumb\",\"itemListElement\":[{\"@type\":\"ListItem\",\"position\":1,\"name\":\"Home\",\"item\":\"https:\\\/\\\/amj.com\\\/fr\\\/\"},{\"@type\":\"ListItem\",\"position\":2,\"name\":\"Resources\",\"item\":\"https:\\\/\\\/amj.com\\\/fr\\\/resources-fr\\\/\"},{\"@type\":\"ListItem\",\"position\":3,\"name\":\"Packing Tips\"}]},{\"@type\":\"WebSite\",\"@id\":\"https:\\\/\\\/amj.com\\\/fr\\\/#website\",\"url\":\"https:\\\/\\\/amj.com\\\/fr\\\/\",\"name\":\"AMJ MOVE - CANADA'S LARGEST MOVER\",\"description\":\"Make Your Best Move\",\"publisher\":{\"@id\":\"https:\\\/\\\/amj.com\\\/fr\\\/#organization\"},\"potentialAction\":[{\"@type\":\"SearchAction\",\"target\":{\"@type\":\"EntryPoint\",\"urlTemplate\":\"https:\\\/\\\/amj.com\\\/fr\\\/?s={search_term_string}\"},\"query-input\":{\"@type\":\"PropertyValueSpecification\",\"valueRequired\":true,\"valueName\":\"search_term_string\"}}],\"inLanguage\":\"fr-FR\"},{\"@type\":\"Organization\",\"@id\":\"https:\\\/\\\/amj.com\\\/fr\\\/#organization\",\"name\":\"AMJ\",\"url\":\"https:\\\/\\\/amj.com\\\/fr\\\/\",\"logo\":{\"@type\":\"ImageObject\",\"inLanguage\":\"fr-FR\",\"@id\":\"https:\\\/\\\/amj.com\\\/fr\\\/#\\\/schema\\\/logo\\\/image\\\/\",\"url\":\"https:\\\/\\\/amj.com\\\/wp-content\\\/uploads\\\/2020\\\/09\\\/LOGO_NEW_EN.svg\",\"contentUrl\":\"https:\\\/\\\/amj.com\\\/wp-content\\\/uploads\\\/2020\\\/09\\\/LOGO_NEW_EN.svg\",\"width\":1,\"height\":1,\"caption\":\"AMJ\"},\"image\":{\"@id\":\"https:\\\/\\\/amj.com\\\/fr\\\/#\\\/schema\\\/logo\\\/image\\\/\"},\"sameAs\":[\"https:\\\/\\\/www.facebook.com\\\/AMJCampbellMoving\\\/\",\"https:\\\/\\\/x.com\\\/amjcampbell\",\"https:\\\/\\\/www.instagram.com\\\/amjcampbell\\\/\",\"https:\\\/\\\/www.linkedin.com\\\/company\\\/amjcampbell\\\/\",\"https:\\\/\\\/www.youtube.com\\\/c\\\/AmjtorontomovingOnt\\\/\"]}]}<\/script>\n<!-- \/ Yoast SEO Premium plugin. -->","yoast_head_json":{"title":"Packing Tips | AMJ | Canada's Largest Mover","description":"AMJ's Official Packing Tips and Moving Tips and Checklist \u00b7 Start Planning Early \u00b7 Pack Off Season Items \u00b7 Moving Box 101 \u00b7 Let Go!","robots":{"index":"index","follow":"follow","max-snippet":"max-snippet:-1","max-image-preview":"max-image-preview:large","max-video-preview":"max-video-preview:-1"},"canonical":"https:\/\/amj.com\/fr\/resources-fr\/packing-tips\/","og_locale":"fr_FR","og_type":"article","og_title":"Packing Tips","og_url":"https:\/\/amj.com\/fr\/resources-fr\/packing-tips\/","og_site_name":"Canada&#039;s #1 Moving Company | Stress-Free Moving Services","article_publisher":"https:\/\/www.facebook.com\/AMJCampbellMoving\/","article_modified_time":"2020-12-04T14:28:21+00:00","twitter_card":"summary_large_image","twitter_site":"@amjcampbell","schema":{"@context":"https:\/\/schema.org","@graph":[{"@type":"WebPage","@id":"https:\/\/amj.com\/fr\/resources-fr\/packing-tips\/","url":"https:\/\/amj.com\/fr\/resources-fr\/packing-tips\/","name":"Packing Tips | AMJ | Canada's Largest Mover","isPartOf":{"@id":"https:\/\/amj.com\/fr\/#website"},"datePublished":"2020-07-07T03:39:03+00:00","dateModified":"2020-12-04T14:28:21+00:00","description":"AMJ's Official Packing Tips and Moving Tips and Checklist \u00b7 Start Planning Early \u00b7 Pack Off Season Items \u00b7 Moving Box 101 \u00b7 Let Go!","breadcrumb":{"@id":"https:\/\/amj.com\/fr\/resources-fr\/packing-tips\/#breadcrumb"},"inLanguage":"fr-FR","potentialAction":[{"@type":"ReadAction","target":["https:\/\/amj.com\/fr\/resources-fr\/packing-tips\/"]}]},{"@type":"BreadcrumbList","@id":"https:\/\/amj.com\/fr\/resources-fr\/packing-tips\/#breadcrumb","itemListElement":[{"@type":"ListItem","position":1,"name":"Home","item":"https:\/\/amj.com\/fr\/"},{"@type":"ListItem","position":2,"name":"Resources","item":"https:\/\/amj.com\/fr\/resources-fr\/"},{"@type":"ListItem","position":3,"name":"Packing Tips"}]},{"@type":"WebSite","@id":"https:\/\/amj.com\/fr\/#website","url":"https:\/\/amj.com\/fr\/","name":"AMJ MOVE - CANADA'S LARGEST MOVER","description":"Make Your Best Move","publisher":{"@id":"https:\/\/amj.com\/fr\/#organization"},"potentialAction":[{"@type":"SearchAction","target":{"@type":"EntryPoint","urlTemplate":"https:\/\/amj.com\/fr\/?s={search_term_string}"},"query-input":{"@type":"PropertyValueSpecification","valueRequired":true,"valueName":"search_term_string"}}],"inLanguage":"fr-FR"},{"@type":"Organization","@id":"https:\/\/amj.com\/fr\/#organization","name":"AMJ","url":"https:\/\/amj.com\/fr\/","logo":{"@type":"ImageObject","inLanguage":"fr-FR","@id":"https:\/\/amj.com\/fr\/#\/schema\/logo\/image\/","url":"https:\/\/amj.com\/wp-content\/uploads\/2020\/09\/LOGO_NEW_EN.svg","contentUrl":"https:\/\/amj.com\/wp-content\/uploads\/2020\/09\/LOGO_NEW_EN.svg","width":1,"height":1,"caption":"AMJ"},"image":{"@id":"https:\/\/amj.com\/fr\/#\/schema\/logo\/image\/"},"sameAs":["https:\/\/www.facebook.com\/AMJCampbellMoving\/","https:\/\/x.com\/amjcampbell","https:\/\/www.instagram.com\/amjcampbell\/","https:\/\/www.linkedin.com\/company\/amjcampbell\/","https:\/\/www.youtube.com\/c\/AmjtorontomovingOnt\/"]}]}},"_links":{"self":[{"href":"https:\/\/amj.com\/fr\/wp-json\/wp\/v2\/pages\/5033","targetHints":{"allow":["GET"]}}],"collection":[{"href":"https:\/\/amj.com\/fr\/wp-json\/wp\/v2\/pages"}],"about":[{"href":"https:\/\/amj.com\/fr\/wp-json\/wp\/v2\/types\/page"}],"author":[{"embeddable":true,"href":"https:\/\/amj.com\/fr\/wp-json\/wp\/v2\/users\/15"}],"replies":[{"embeddable":true,"href":"https:\/\/amj.com\/fr\/wp-json\/wp\/v2\/comments?post=5033"}],"version-history":[{"count":0,"href":"https:\/\/amj.com\/fr\/wp-json\/wp\/v2\/pages\/5033\/revisions"}],"up":[{"embeddable":true,"href":"https:\/\/amj.com\/fr\/wp-json\/wp\/v2\/pages\/3975"}],"wp:attachment":[{"href":"https:\/\/amj.com\/fr\/wp-json\/wp\/v2\/media?parent=5033"}],"curies":[{"name":"wp","href":"https:\/\/api.w.org\/{rel}","templated":true}]}}