{"id":5760,"date":"2020-09-27T23:14:06","date_gmt":"2020-09-28T03:14:06","guid":{"rendered":"https:\/\/amjmove.com\/contact-us\/"},"modified":"2021-02-23T22:01:34","modified_gmt":"2021-02-24T03:01:34","slug":"contact-us","status":"publish","type":"page","link":"https:\/\/amj.com\/fr\/contact-us\/","title":{"rendered":"Contact Us"},"content":{"rendered":"<div class=\"amj-spacer   hide-for-small-only  hide-for-medium-only  \" style=\"margin:25px 0 0\"><\/div>\n\n\n<div class=\"amj-spacer \" style=\"margin:25px 0 0\"><\/div>\n\n\n<section class=\"section generic-content\">\n    <div class=\"row\">\n      <div class=\"column\">\n        <h1 style=\"text-align: center; color: #0072bc;\">Nous sommes heureaux d&rsquo;avoir de vos nouvelles.<\/h1>\n<p style=\"text-align: center; max-width: 540px; margin: 0 auto;\">N\u2019h\u00e9sitez pas \u00e0 communiquer avec nous \u00e0 n\u2019importe quel moment. Nous sommes disponibles pour r\u00e9pondre \u00e0 toutes vos questions, particuli\u00e8rement celles qui portent sur le d\u00e9m\u00e9nagement de votre maison ou de votre bureau. Un expert d\u2019AMJ vous contactera dans les plus brefs d\u00e9lais.<\/p>\n\n      <\/div>\n    <\/div>\n  <\/section>\n\n\n<div class=\"amj-spacer   hide-for-small-only  hide-for-medium-only  \" style=\"margin:-50px 0 0\"><\/div>\n\n\n<section class=\"section form-box form-box--regular \">\n  <div class=\"row\">\n    <div class=\"column\">\n      <div class=\"form-box__inner\">\n        <div class=\"form-box__intro\">\n                      <h2>Nous contacter<\/h2>\n                            <\/div>\n        <div class=\"form-box__form\">\n                      <script type=\"text\/javascript\">\n\/* <![CDATA[ *\/\nvar gform;gform||(document.addEventListener(\"gform_main_scripts_loaded\",function(){gform.scriptsLoaded=!0}),document.addEventListener(\"gform\/theme\/scripts_loaded\",function(){gform.themeScriptsLoaded=!0}),window.addEventListener(\"DOMContentLoaded\",function(){gform.domLoaded=!0}),gform={domLoaded:!1,scriptsLoaded:!1,themeScriptsLoaded:!1,isFormEditor:()=>\"function\"==typeof InitializeEditor,callIfLoaded:function(o){return!(!gform.domLoaded||!gform.scriptsLoaded||!gform.themeScriptsLoaded&&!gform.isFormEditor()||(gform.isFormEditor()&&console.warn(\"The use of gform.initializeOnLoaded() is deprecated in the form editor context and will be removed in Gravity Forms 3.1.\"),o(),0))},initializeOnLoaded:function(o){gform.callIfLoaded(o)||(document.addEventListener(\"gform_main_scripts_loaded\",()=>{gform.scriptsLoaded=!0,gform.callIfLoaded(o)}),document.addEventListener(\"gform\/theme\/scripts_loaded\",()=>{gform.themeScriptsLoaded=!0,gform.callIfLoaded(o)}),window.addEventListener(\"DOMContentLoaded\",()=>{gform.domLoaded=!0,gform.callIfLoaded(o)}))},hooks:{action:{},filter:{}},addAction:function(o,r,e,t){gform.addHook(\"action\",o,r,e,t)},addFilter:function(o,r,e,t){gform.addHook(\"filter\",o,r,e,t)},doAction:function(o){gform.doHook(\"action\",o,arguments)},applyFilters:function(o){return gform.doHook(\"filter\",o,arguments)},removeAction:function(o,r){gform.removeHook(\"action\",o,r)},removeFilter:function(o,r,e){gform.removeHook(\"filter\",o,r,e)},addHook:function(o,r,e,t,n){null==gform.hooks[o][r]&&(gform.hooks[o][r]=[]);var d=gform.hooks[o][r];null==n&&(n=r+\"_\"+d.length),gform.hooks[o][r].push({tag:n,callable:e,priority:t=null==t?10:t})},doHook:function(r,o,e){var t;if(e=Array.prototype.slice.call(e,1),null!=gform.hooks[r][o]&&((o=gform.hooks[r][o]).sort(function(o,r){return o.priority-r.priority}),o.forEach(function(o){\"function\"!=typeof(t=o.callable)&&(t=window[t]),\"action\"==r?t.apply(null,e):e[0]=t.apply(null,e)})),\"filter\"==r)return e[0]},removeHook:function(o,r,t,n){var e;null!=gform.hooks[o][r]&&(e=(e=gform.hooks[o][r]).filter(function(o,r,e){return!!(null!=n&&n!=o.tag||null!=t&&t!=o.priority)}),gform.hooks[o][r]=e)}});\n\/* ]]> *\/\n<\/script>\n\n                <div class='gf_browser_gecko gform_wrapper gform_legacy_markup_wrapper gform-theme--no-framework' data-form-theme='legacy' data-form-index='0' id='gform_wrapper_2437520712' ><div id='gf_2437520712' class='gform_anchor' tabindex='-1'><\/div><form method='post' enctype='multipart\/form-data' target='gform_ajax_frame_2437520712' id='gform_2437520712'  action='\/fr\/wp-json\/wp\/v2\/pages\/5760#gf_2437520712' data-formid='6' novalidate>\n                        <div class='gform-body gform_body'><ul id='gform_fields_2437520712' class='gform_fields top_label form_sublabel_below description_below validation_below'><li id=\"field_6_14\" class=\"gfield gfield--type-honeypot gform_validation_container field_sublabel_below gfield--has-description field_description_below field_validation_below gfield_visibility_visible\"  ><label class='gfield_label gform-field-label' for='input_2437520712_14'>Comments<\/label><div class='ginput_container'><input name='input_14' id='input_2437520712_14' type='text' value='' autocomplete='new-password'\/><\/div><div class='gfield_description' id='gfield_description_6_14'>Ce champ n\u2019est utilis\u00e9 qu\u2019\u00e0 des fins de validation et devrait rester inchang\u00e9.<\/div><\/li><li id=\"field_6_8\" class=\"gfield gfield--type-select gfield--input-type-select gfield_contains_required field_sublabel_below gfield--no-description field_description_below field_validation_below gfield_visibility_visible\"  ><label class='gfield_label gform-field-label' for='input_2437520712_8'>Department<span class=\"gfield_required\"><span class=\"gfield_required gfield_required_asterisk\">*<\/span><\/span><\/label><div class='ginput_container ginput_container_select'><select name='input_8' id='input_2437520712_8' class='medium gfield_select'    aria-required=\"true\" aria-invalid=\"false\" ><option value='' selected='selected' class='gf_placeholder'>S\u00e9lectionner un d\u00e9partement<\/option><option value='General' >G\u00e9n\u00e9ral<\/option><option value='Moving' >D\u00e9m\u00e9nagement<\/option><option value='Home Delivery' >Livraisons<\/option><option value='International' >International<\/option><option value='Specialized Logistics' >Logistique<\/option><\/select><\/div><\/li><li id=\"field_6_2\" class=\"gfield gfield--type-text gfield--input-type-text gfield_contains_required field_sublabel_below gfield--no-description field_description_below field_validation_below gfield_visibility_visible\"  ><label class='gfield_label gform-field-label' for='input_2437520712_2'>Pr\u00e9nom<span class=\"gfield_required\"><span class=\"gfield_required gfield_required_asterisk\">*<\/span><\/span><\/label><div class='ginput_container ginput_container_text'><input name='input_2' id='input_2437520712_2' type='text' value='' class='medium'     aria-required=\"true\" aria-invalid=\"false\"   \/><\/div><\/li><li id=\"field_6_3\" class=\"gfield gfield--type-text gfield--input-type-text field_sublabel_below gfield--no-description field_description_below field_validation_below gfield_visibility_visible\"  ><label class='gfield_label gform-field-label' for='input_2437520712_3'>Nom de famille<\/label><div class='ginput_container ginput_container_text'><input name='input_3' id='input_2437520712_3' type='text' value='' class='medium'      aria-invalid=\"false\"   \/><\/div><\/li><li id=\"field_6_4\" class=\"gfield gfield--type-phone gfield--input-type-phone field_sublabel_below gfield--no-description field_description_below field_validation_below gfield_visibility_visible\"  ><label class='gfield_label gform-field-label' for='input_2437520712_4'>Num\u00e9ro de t\u00e9l\u00e9phone<\/label><div class='ginput_container ginput_container_phone'><input name='input_4' id='input_2437520712_4' type='tel' value='' class='medium'  placeholder='Phone Number'  aria-invalid=\"false\"   \/><\/div><\/li><li id=\"field_6_5\" class=\"gfield gfield--type-email gfield--input-type-email gfield_contains_required field_sublabel_below gfield--no-description field_description_below field_validation_below gfield_visibility_visible\"  ><label class='gfield_label gform-field-label' for='input_2437520712_5'>Courriel<span class=\"gfield_required\"><span class=\"gfield_required gfield_required_asterisk\">*<\/span><\/span><\/label><div class='ginput_container ginput_container_email'>\n                            <input name='input_5' id='input_2437520712_5' type='email' value='' class='medium'   placeholder='Email Address' aria-required=\"true\" aria-invalid=\"false\"  \/>\n                        <\/div><\/li><li id=\"field_6_6\" class=\"gfield gfield--type-textarea gfield--input-type-textarea field_sublabel_below gfield--no-description field_description_below field_validation_below gfield_visibility_visible\"  ><label class='gfield_label gform-field-label' for='input_2437520712_6'>Commentaires<\/label><div class='ginput_container ginput_container_textarea'><textarea name='input_6' id='input_2437520712_6' class='textarea medium'    placeholder='Commentaires'  aria-invalid=\"false\"   rows='10' cols='50'><\/textarea><\/div><\/li><li id=\"field_6_9\" class=\"gfield gfield--type-captcha gfield--input-type-captcha gfield--width-full field_sublabel_below gfield--no-description field_description_below field_validation_below gfield_visibility_visible\"  ><label class='gfield_label gform-field-label' for='input_2437520712_9'>CAPTCHA<\/label><div id='input_2437520712_9' class='ginput_container ginput_recaptcha' data-sitekey='6LduAk4rAAAAAE5XALkFZKnEeQe-8LaAQs21VCzm'  data-theme='light' data-tabindex='-1' data-size='invisible' data-badge='bottomright'><\/div><\/li><li id=\"field_6_10\" class=\"gfield gfield--type-hidden gfield--input-type-hidden gform_hidden field_sublabel_below gfield--no-description field_description_below field_validation_below gfield_visibility_visible\"  ><div class='ginput_container ginput_container_text'><input name='input_10' id='input_2437520712_10' type='hidden' class='gform_hidden'  aria-invalid=\"false\" value='' \/><\/div><\/li><li id=\"field_6_12\" class=\"gfield gfield--type-hidden gfield--input-type-hidden gfield--width-full gform_hidden field_sublabel_below gfield--no-description field_description_below field_validation_below gfield_visibility_visible\"  ><div class='ginput_container ginput_container_text'><input name='input_12' id='input_2437520712_12' type='hidden' class='gform_hidden'  aria-invalid=\"false\" value='' \/><\/div><\/li><li id=\"field_6_11\" class=\"gfield gfield--type-hidden gfield--input-type-hidden gfield--width-full gform_hidden field_sublabel_below gfield--no-description field_description_below field_validation_below gfield_visibility_visible\"  ><div class='ginput_container ginput_container_text'><input name='input_11' id='input_2437520712_11' type='hidden' class='gform_hidden'  aria-invalid=\"false\" value='' \/><\/div><\/li><li id=\"field_6_13\" class=\"gfield gfield--type-hidden gfield--input-type-hidden gfield--width-full gform_hidden field_sublabel_below gfield--no-description field_description_below field_validation_below gfield_visibility_visible\"  ><div class='ginput_container ginput_container_text'><input name='input_13' id='input_2437520712_13' type='hidden' class='gform_hidden'  aria-invalid=\"false\" value='' \/><\/div><\/li><\/ul><\/div>\n        <div class='gform-footer gform_footer top_label'> <input type='submit' id='gform_submit_button_2437520712' class='gform_button button' onclick='gform.submission.handleButtonClick(this);' data-submission-type='submit' value='Soumettre'  \/> <input type='hidden' name='gform_ajax' value='form_id=6&amp;title=&amp;description=&amp;tabindex=0&amp;theme=legacy&amp;hash=58861b6a336802ba22f6bc96217977f0' \/>\n            <input type='hidden' class='gform_hidden' name='gform_submission_method' data-js='gform_submission_method_6' value='iframe' \/>\n            <input type='hidden' class='gform_hidden' name='gform_theme' data-js='gform_theme_6' id='gform_theme_6' value='legacy' \/>\n            <input type='hidden' class='gform_hidden' name='gform_style_settings' data-js='gform_style_settings_6' id='gform_style_settings_6' value='' \/>\n            <input type='hidden' class='gform_hidden' name='is_submit_6' value='1' \/>\n            <input type='hidden' class='gform_hidden' name='gform_submit' value='6' \/>\n            \n            <input type='hidden' class='gform_hidden' name='gform_currency' data-currency='CAD' value='iqQJ2\/g7m5mje372UPD8dpGBUBcVN+PsDyMKaJ2aJ2gMSG9sR6XSExCoeNVmajNxalQFMcjV0Wb1YgIlfUK7kzJE4iRFVMItlB4ZVPX4tISEn8Q=' \/>\n            <input type='hidden' class='gform_hidden' name='gform_unique_id' value='' \/>\n            <input type='hidden' class='gform_hidden' name='state_6' value='WyJbXSIsIjEwOWRkZGVkMDYyNjg1OWU4YzMzYTAwNTllNDc0OTlmIl0=' \/>\n            <input type='hidden' autocomplete='off' class='gform_hidden' name='gform_target_page_number_6' id='gform_target_page_number_2437520712_6' value='0' \/>\n            <input type='hidden' autocomplete='off' class='gform_hidden' name='gform_source_page_number_6' id='gform_source_page_number_2437520712_6' value='1' \/>\n            <input type='hidden' name='gform_random_id' value='2437520712' \/><input type='hidden' name='gform_field_values' value='' \/>\n            \n        <\/div>\n                        <\/form>\n                        <\/div>\n\t\t                <iframe style='display:none;width:0px;height:0px;' src='about:blank' name='gform_ajax_frame_2437520712' id='gform_ajax_frame_2437520712' title='Cette iframe contient la logique n\u00e9cessaire pour manipuler Gravity Forms avec Ajax.'><\/iframe>\n\t\t                <script type=\"text\/javascript\">\n\/* <![CDATA[ *\/\n gform.initializeOnLoaded( function() {gformInitSpinner( 2437520712, 'https:\/\/amj.com\/wp-content\/plugins\/gravityforms\/images\/spinner.svg', true );jQuery('#gform_ajax_frame_2437520712').on('load',function(){var contents = jQuery(this).contents().find('*').html();var is_postback = contents.indexOf('GF_AJAX_POSTBACK') >= 0;if(!is_postback){return;}var form_content = jQuery(this).contents().find('#gform_wrapper_2437520712');var is_confirmation = jQuery(this).contents().find('#gform_confirmation_wrapper_2437520712').length > 0;var is_redirect = contents.indexOf('gformRedirect(){') >= 0;var is_form = form_content.length > 0 && ! is_redirect && ! is_confirmation;var mt = parseInt(jQuery('html').css('margin-top'), 10) + parseInt(jQuery('body').css('margin-top'), 10) + 100;if(is_form){jQuery('#gform_wrapper_2437520712').html(form_content.html());if(form_content.hasClass('gform_validation_error')){jQuery('#gform_wrapper_2437520712').addClass('gform_validation_error');} else {jQuery('#gform_wrapper_2437520712').removeClass('gform_validation_error');}setTimeout( function() { \/* delay the scroll by 50 milliseconds to fix a bug in chrome *\/ jQuery(document).scrollTop(jQuery('#gform_wrapper_2437520712').offset().top - mt); }, 50 );if(window['gformInitDatepicker']) {gformInitDatepicker();}if(window['gformInitPriceFields']) {gformInitPriceFields();}var current_page = jQuery('#gform_source_page_number_2437520712_6').val();gformInitSpinner( 2437520712, 'https:\/\/amj.com\/wp-content\/plugins\/gravityforms\/images\/spinner.svg', true );jQuery(document).trigger('gform_page_loaded', [2437520712, current_page]);window['gf_submitting_2437520712'] = false;}else if(!is_redirect){var confirmation_content = jQuery(this).contents().find('.GF_AJAX_POSTBACK').html();if(!confirmation_content){confirmation_content = contents;}jQuery('#gform_wrapper_2437520712').replaceWith(confirmation_content);jQuery(document).scrollTop(jQuery('#gf_2437520712').offset().top - mt);jQuery(document).trigger('gform_confirmation_loaded', [2437520712]);window['gf_submitting_2437520712'] = false;wp.a11y.speak(jQuery('#gform_confirmation_message_2437520712').text());}else{jQuery('#gform_2437520712').append(contents);if(window['gformRedirect']) {gformRedirect();}}jQuery(document).trigger(\"gform_pre_post_render\", [{ formId: \"6\", currentPage: \"current_page\", abort: function() { this.preventDefault(); } }]);        if (event && event.defaultPrevented) {                return;        }        const gformWrapperDiv = document.getElementById( \"gform_wrapper_6\" );        if ( gformWrapperDiv ) {            const visibilitySpan = document.createElement( \"span\" );            visibilitySpan.id = \"gform_visibility_test_6\";            gformWrapperDiv.insertAdjacentElement( \"afterend\", visibilitySpan );        }        const visibilityTestDiv = document.getElementById( \"gform_visibility_test_6\" );        let postRenderFired = false;        function triggerPostRender() {            if ( postRenderFired ) {                return;            }            postRenderFired = true;            gform.core.triggerPostRenderEvents( 6, current_page );            if ( visibilityTestDiv ) {                visibilityTestDiv.parentNode.removeChild( visibilityTestDiv );            }        }        function debounce( func, wait, immediate ) {            var timeout;            return function() {                var context = this, args = arguments;                var later = function() {                    timeout = null;                    if ( !immediate ) func.apply( context, args );                };                var callNow = immediate && !timeout;                clearTimeout( timeout );                timeout = setTimeout( later, wait );                if ( callNow ) func.apply( context, args );            };        }        const debouncedTriggerPostRender = debounce( function() {            triggerPostRender();        }, 200 );        if ( visibilityTestDiv && visibilityTestDiv.offsetParent === null ) {            const observer = new MutationObserver( ( mutations ) => {                mutations.forEach( ( mutation ) => {                    if ( mutation.type === 'attributes' && visibilityTestDiv.offsetParent !== null ) {                        debouncedTriggerPostRender();                        observer.disconnect();                    }                });            });            observer.observe( document.body, {                attributes: true,                childList: false,                subtree: true,                attributeFilter: [ 'style', 'class' ],            });        } else {            triggerPostRender();        }    } );} ); \n\/* ]]> *\/\n<\/script>\n\n                  <\/div>\n              <\/div>\n    <\/div>\n  <\/div>\n<\/section>\n\n<section class=\"section footer-cta  footer-cta--box \">\n        <div class=\"row\">\n      <div class=\"column\">\n        <div class=\"footer-cta__box footer-cta__box--two footer-cta__box--or \">\n          <div class=\"footer-cta__cta\">\n                                      <h2 class=\"like-h4\">Parlez-nous de votre d\u00e9m\u00e9nagement.<br \/>\r\n1 888 AMJ MOVE (265-6683)<\/h2>\n                                                                        <\/div>\n                                    <div class=\"footer-cta__or\">\n                <span class=\"like-h5\">or<\/span>\n              <\/div>\n              <div class=\"footer-cta__icon\">\n                <img decoding=\"async\" data-src=\"https:\/\/amj.com\/wp-content\/themes\/amj-2020\/dist\/images\/hand-truck--blue_976be37c.svg\" alt=\"\" src=\"data:image\/svg+xml;base64,PHN2ZyB3aWR0aD0iMSIgaGVpZ2h0PSIxIiB4bWxucz0iaHR0cDovL3d3dy53My5vcmcvMjAwMC9zdmciPjwvc3ZnPg==\" class=\"lazyload\">\n              <\/div>\n                        <div class=\"footer-cta__cta\">\n                                            <h2 class=\"like-h4\">Surveillez votre budget.<br \/>\r\nVoici une estimation gratuite!<\/h2>\n                                                          <a class=\"amj-btn amj-btn--arrow\"  href=\"\/fr\/get-a-quote\">Obternir un <span class=\"link-end\">devis <i class=\"fas fa-arrow-right\"><\/i><\/span><\/a>\r\n  \r\n                          <\/div>\n                  <\/div>\n      <\/div>\n    <\/div>\n  <\/section>\n","protected":false},"excerpt":{"rendered":"","protected":false},"author":15,"featured_media":0,"parent":0,"menu_order":0,"comment_status":"closed","ping_status":"closed","template":"","meta":{"_acf_changed":false,"footnotes":""},"class_list":["post-5760","page","type-page","status-publish","hentry"],"acf":[],"yoast_head":"<!-- This site is optimized with the Yoast SEO Premium plugin v25.2 (Yoast SEO v27.3) - https:\/\/yoast.com\/product\/yoast-seo-premium-wordpress\/ -->\n<title>Contact Us | AMJ | Canada&#039;s Largest Mover<\/title>\n<meta name=\"description\" content=\"Contact us to schedule your local or long distance move today. Learn how CA&#039;s best Moving Company can help you with your move today!\" \/>\n<meta name=\"robots\" content=\"index, follow, max-snippet:-1, max-image-preview:large, max-video-preview:-1\" \/>\n<link rel=\"canonical\" href=\"https:\/\/amj.com\/fr\/contact-us\/\" \/>\n<meta property=\"og:locale\" content=\"fr_FR\" \/>\n<meta property=\"og:type\" content=\"article\" \/>\n<meta property=\"og:title\" content=\"Contact Us\" \/>\n<meta property=\"og:url\" content=\"https:\/\/amj.com\/fr\/contact-us\/\" \/>\n<meta property=\"og:site_name\" content=\"Canada&#039;s #1 Moving Company | Stress-Free Moving Services\" \/>\n<meta property=\"article:publisher\" content=\"https:\/\/www.facebook.com\/AMJCampbellMoving\/\" \/>\n<meta property=\"article:modified_time\" content=\"2021-02-24T03:01:34+00:00\" \/>\n<meta name=\"twitter:card\" content=\"summary_large_image\" \/>\n<meta name=\"twitter:site\" content=\"@amjcampbell\" \/>\n<script type=\"application\/ld+json\" class=\"yoast-schema-graph\">{\"@context\":\"https:\\\/\\\/schema.org\",\"@graph\":[{\"@type\":\"WebPage\",\"@id\":\"https:\\\/\\\/amj.com\\\/fr\\\/contact-us\\\/\",\"url\":\"https:\\\/\\\/amj.com\\\/fr\\\/contact-us\\\/\",\"name\":\"Contact Us | AMJ | Canada's Largest Mover\",\"isPartOf\":{\"@id\":\"https:\\\/\\\/amj.com\\\/fr\\\/#website\"},\"datePublished\":\"2020-09-28T03:14:06+00:00\",\"dateModified\":\"2021-02-24T03:01:34+00:00\",\"description\":\"Contact us to schedule your local or long distance move today. Learn how CA's best Moving Company can help you with your move today!\",\"breadcrumb\":{\"@id\":\"https:\\\/\\\/amj.com\\\/fr\\\/contact-us\\\/#breadcrumb\"},\"inLanguage\":\"fr-FR\",\"potentialAction\":[{\"@type\":\"ReadAction\",\"target\":[\"https:\\\/\\\/amj.com\\\/fr\\\/contact-us\\\/\"]}]},{\"@type\":\"BreadcrumbList\",\"@id\":\"https:\\\/\\\/amj.com\\\/fr\\\/contact-us\\\/#breadcrumb\",\"itemListElement\":[{\"@type\":\"ListItem\",\"position\":1,\"name\":\"Home\",\"item\":\"https:\\\/\\\/amj.com\\\/fr\\\/\"},{\"@type\":\"ListItem\",\"position\":2,\"name\":\"Contact Us\"}]},{\"@type\":\"WebSite\",\"@id\":\"https:\\\/\\\/amj.com\\\/fr\\\/#website\",\"url\":\"https:\\\/\\\/amj.com\\\/fr\\\/\",\"name\":\"AMJ MOVE - CANADA'S LARGEST MOVER\",\"description\":\"Make Your Best Move\",\"publisher\":{\"@id\":\"https:\\\/\\\/amj.com\\\/fr\\\/#organization\"},\"potentialAction\":[{\"@type\":\"SearchAction\",\"target\":{\"@type\":\"EntryPoint\",\"urlTemplate\":\"https:\\\/\\\/amj.com\\\/fr\\\/?s={search_term_string}\"},\"query-input\":{\"@type\":\"PropertyValueSpecification\",\"valueRequired\":true,\"valueName\":\"search_term_string\"}}],\"inLanguage\":\"fr-FR\"},{\"@type\":\"Organization\",\"@id\":\"https:\\\/\\\/amj.com\\\/fr\\\/#organization\",\"name\":\"AMJ\",\"url\":\"https:\\\/\\\/amj.com\\\/fr\\\/\",\"logo\":{\"@type\":\"ImageObject\",\"inLanguage\":\"fr-FR\",\"@id\":\"https:\\\/\\\/amj.com\\\/fr\\\/#\\\/schema\\\/logo\\\/image\\\/\",\"url\":\"https:\\\/\\\/amj.com\\\/wp-content\\\/uploads\\\/2020\\\/09\\\/LOGO_NEW_EN.svg\",\"contentUrl\":\"https:\\\/\\\/amj.com\\\/wp-content\\\/uploads\\\/2020\\\/09\\\/LOGO_NEW_EN.svg\",\"width\":1,\"height\":1,\"caption\":\"AMJ\"},\"image\":{\"@id\":\"https:\\\/\\\/amj.com\\\/fr\\\/#\\\/schema\\\/logo\\\/image\\\/\"},\"sameAs\":[\"https:\\\/\\\/www.facebook.com\\\/AMJCampbellMoving\\\/\",\"https:\\\/\\\/x.com\\\/amjcampbell\",\"https:\\\/\\\/www.instagram.com\\\/amjcampbell\\\/\",\"https:\\\/\\\/www.linkedin.com\\\/company\\\/amjcampbell\\\/\",\"https:\\\/\\\/www.youtube.com\\\/c\\\/AmjtorontomovingOnt\\\/\"]}]}<\/script>\n<!-- \/ Yoast SEO Premium plugin. -->","yoast_head_json":{"title":"Contact Us | AMJ | Canada's Largest Mover","description":"Contact us to schedule your local or long distance move today. Learn how CA's best Moving Company can help you with your move today!","robots":{"index":"index","follow":"follow","max-snippet":"max-snippet:-1","max-image-preview":"max-image-preview:large","max-video-preview":"max-video-preview:-1"},"canonical":"https:\/\/amj.com\/fr\/contact-us\/","og_locale":"fr_FR","og_type":"article","og_title":"Contact Us","og_url":"https:\/\/amj.com\/fr\/contact-us\/","og_site_name":"Canada&#039;s #1 Moving Company | Stress-Free Moving Services","article_publisher":"https:\/\/www.facebook.com\/AMJCampbellMoving\/","article_modified_time":"2021-02-24T03:01:34+00:00","twitter_card":"summary_large_image","twitter_site":"@amjcampbell","schema":{"@context":"https:\/\/schema.org","@graph":[{"@type":"WebPage","@id":"https:\/\/amj.com\/fr\/contact-us\/","url":"https:\/\/amj.com\/fr\/contact-us\/","name":"Contact Us | AMJ | Canada's Largest Mover","isPartOf":{"@id":"https:\/\/amj.com\/fr\/#website"},"datePublished":"2020-09-28T03:14:06+00:00","dateModified":"2021-02-24T03:01:34+00:00","description":"Contact us to schedule your local or long distance move today. Learn how CA's best Moving Company can help you with your move today!","breadcrumb":{"@id":"https:\/\/amj.com\/fr\/contact-us\/#breadcrumb"},"inLanguage":"fr-FR","potentialAction":[{"@type":"ReadAction","target":["https:\/\/amj.com\/fr\/contact-us\/"]}]},{"@type":"BreadcrumbList","@id":"https:\/\/amj.com\/fr\/contact-us\/#breadcrumb","itemListElement":[{"@type":"ListItem","position":1,"name":"Home","item":"https:\/\/amj.com\/fr\/"},{"@type":"ListItem","position":2,"name":"Contact Us"}]},{"@type":"WebSite","@id":"https:\/\/amj.com\/fr\/#website","url":"https:\/\/amj.com\/fr\/","name":"AMJ MOVE - CANADA'S LARGEST MOVER","description":"Make Your Best Move","publisher":{"@id":"https:\/\/amj.com\/fr\/#organization"},"potentialAction":[{"@type":"SearchAction","target":{"@type":"EntryPoint","urlTemplate":"https:\/\/amj.com\/fr\/?s={search_term_string}"},"query-input":{"@type":"PropertyValueSpecification","valueRequired":true,"valueName":"search_term_string"}}],"inLanguage":"fr-FR"},{"@type":"Organization","@id":"https:\/\/amj.com\/fr\/#organization","name":"AMJ","url":"https:\/\/amj.com\/fr\/","logo":{"@type":"ImageObject","inLanguage":"fr-FR","@id":"https:\/\/amj.com\/fr\/#\/schema\/logo\/image\/","url":"https:\/\/amj.com\/wp-content\/uploads\/2020\/09\/LOGO_NEW_EN.svg","contentUrl":"https:\/\/amj.com\/wp-content\/uploads\/2020\/09\/LOGO_NEW_EN.svg","width":1,"height":1,"caption":"AMJ"},"image":{"@id":"https:\/\/amj.com\/fr\/#\/schema\/logo\/image\/"},"sameAs":["https:\/\/www.facebook.com\/AMJCampbellMoving\/","https:\/\/x.com\/amjcampbell","https:\/\/www.instagram.com\/amjcampbell\/","https:\/\/www.linkedin.com\/company\/amjcampbell\/","https:\/\/www.youtube.com\/c\/AmjtorontomovingOnt\/"]}]}},"_links":{"self":[{"href":"https:\/\/amj.com\/fr\/wp-json\/wp\/v2\/pages\/5760","targetHints":{"allow":["GET"]}}],"collection":[{"href":"https:\/\/amj.com\/fr\/wp-json\/wp\/v2\/pages"}],"about":[{"href":"https:\/\/amj.com\/fr\/wp-json\/wp\/v2\/types\/page"}],"author":[{"embeddable":true,"href":"https:\/\/amj.com\/fr\/wp-json\/wp\/v2\/users\/15"}],"replies":[{"embeddable":true,"href":"https:\/\/amj.com\/fr\/wp-json\/wp\/v2\/comments?post=5760"}],"version-history":[{"count":0,"href":"https:\/\/amj.com\/fr\/wp-json\/wp\/v2\/pages\/5760\/revisions"}],"wp:attachment":[{"href":"https:\/\/amj.com\/fr\/wp-json\/wp\/v2\/media?parent=5760"}],"curies":[{"name":"wp","href":"https:\/\/api.w.org\/{rel}","templated":true}]}}