{"id":6881,"date":"2021-09-20T12:37:21","date_gmt":"2021-09-20T16:37:21","guid":{"rendered":"https:\/\/amjmove.com\/?page_id=6881"},"modified":"2021-09-27T17:04:53","modified_gmt":"2021-09-27T21:04:53","slug":"caa","status":"publish","type":"page","link":"https:\/\/amj.com\/fr\/caa\/","title":{"rendered":"CAA"},"content":{"rendered":"<section class=\"hide-for-large section long-text-hero long-text-hero--default long-text-hero--num-false\">\n  <div class=\"row\">\n    <div class=\"column\">\n                        <h1>Les membres CAA \u00e9conomisent!  <\/h1>\n                  <\/div>\n  <\/div>\n<\/section>\n<section class=\"section long-text-hero long-text-hero--default long-text-hero--num-false default\">\n  <div class=\"row\">\n    <div class=\"column\">\n      <div class=\"long-text-hero__inner\">\n        <div class=\"long-text-hero__left\">\n                                    <h1 class=\"show-for-large\">Les membres CAA \u00e9conomisent!  <\/h1>\n                                            <div class=\"long-text-hero__left__intro\"><p>Le partenariat d\u2019AMJ avec CAA existe pour vous faciliter la vie, gr\u00e2ce notamment \u00e0 des offres et avantages exclusifs. C\u2019est simple : il suffit de pr\u00e9senter votre carte de membre CAA \u00e0 votre conseiller en d\u00e9m\u00e9nagement d\u2019AMJ pour aider \u00e0 all\u00e9ger votre budget de d\u00e9m\u00e9nagement. Aider les clients \u00e0 \u00e9conomiser est un des objectifs de notre entreprise.<\/p>\n<p>L\u2019Association canadienne des automobilistes est l\u2019un des plus importants organismes de consommateurs au Canada. Nous offrons, par l\u2019entremise de 8 clubs automobiles et de plus de 140 succursales diss\u00e9min\u00e9es partout au pays, libert\u00e9 et tranquillit\u00e9 d\u2019esprit \u00e0 6 millions de membres.<\/p>\n<p>Voyez les avantages offerts aux membres CAA :<\/p>\n<p>&nbsp;<\/p>\n<\/div>\n                                      <\/div>\n        <div class=\"long-text-hero__right \">\n                      <div class=\"long-text-hero__image shadow\">\n              <img decoding=\"async\" data-src=\"https:\/\/amj.com\/wp-content\/uploads\/2021\/09\/StaticImage_CAAFR.png\" alt=\"\" aria-role=\"presentation\" role=\"presentation\" src=\"data:image\/svg+xml;base64,PHN2ZyB3aWR0aD0iMSIgaGVpZ2h0PSIxIiB4bWxucz0iaHR0cDovL3d3dy53My5vcmcvMjAwMC9zdmciPjwvc3ZnPg==\" class=\"lazyload\" style=\"--smush-placeholder-width: 1274px; --smush-placeholder-aspect-ratio: 1274\/985;\">\n            <\/div>\n                                      <\/div>\n      <\/div>\n    <\/div>\n  <\/div>\n<\/section>\n\n\n<section class=\"section stats-row\">\n  <div class=\"row\">\n    <div class=\"column\">\n      <div class=\"stats-row__inner\">\n                  <h2 class=\"stats-row__title\">Avantages<\/h2>\n                          <div class=\"stats-row__intro\"><div class=\"stats-row__intro\">\n<h3>Offre au Canada<\/h3>\n<p>\u2022 200 Dollars CAA\u00ae<br \/>\n\u2022 2e mois d\u2019entreposage gratuit dans les centres AMJ (excluant les frais de manutention, de ramassage et de livraison)*<br \/>\n\u2022 Utilisation gratuite des garde-robes et des sacs pour matelas (5 garde-robes par d\u00e9m\u00e9nagement local)*<br \/>\n\u2022 \u00c9quivalence de prix garantie avec les entreprises nationales de d\u00e9m\u00e9nagement<\/p>\n<p>______<\/p>\n<h3>Offre au Qu\u00e9bec seulement<\/h3>\n<header>\n<h4 class=\"csc-firstHeader\">15% de rabais ou 200 Dollars CAA<\/h4>\n<\/header>\n<p><b>Courte distance<\/b>\u00a0: Obtenez 15% de rabais sur le total de votre facture pour les d\u00e9m\u00e9nagements locaux<sup>1<\/sup>.<\/p>\n<p><b>Longue distance<\/b>\u00a0: Obtenez une remise de 200 Dollars CAA sur les d\u00e9m\u00e9nagements de longue distance<sup>2<\/sup>.<\/p>\n<p>De plus, profitez des avantages suivants :<\/p>\n<ul>\n<li>2<sup>e<\/sup>\u00a0mois d\u2019entreposage gratuit dans un centre AMJ<\/li>\n<li>Provision gratuite de 5 bo\u00eetes garde-robe et sacs \u00e0 matelas<sup>3<\/sup><\/li>\n<li>Garantie d\u2019\u00e9galit\u00e9 des prix sur les services de d\u00e9m\u00e9nagement<sup>4<\/sup><\/li>\n<\/ul>\n<p>_______<\/p>\n<p><i>Conditions<br \/>\n<\/i><\/p>\n<ul>\n<li><em>Cette offre est r\u00e9serv\u00e9e aux membres en r\u00e8gle de CAA-Qu\u00e9bec.<\/em><\/li>\n<li><em>Le rabais de 15% sur les d\u00e9m\u00e9nagements locaux ne peut pas \u00eatre jumel\u00e9\u00a0\u00e0\u00a0une\u00a0autre\u00a0offre\u00a0ou\u00a0aux\u00a0frais d\u2019assurance.<\/em><\/li>\n<li><em>Les Dollars CAA seront vers\u00e9s au dossier du membre dans les 90 jours suivant le jour du d\u00e9m\u00e9nagement.<\/em><\/li>\n<li><em>Le rabais de 3% offert dans les entreprises recommand\u00e9es CAA-Qu\u00e9bec ne s&rsquo;applique pas.<\/em><\/li>\n<\/ul>\n<p><em><sup>1<\/sup>\u00a0L\u2019offre de courte distance s\u2019applique sur les d\u00e9m\u00e9nagements de moins de 240 kilom\u00e8tres et d\u2019un minimum de 4 heures.<\/em><\/p>\n<p><em><sup>2<\/sup>\u00a0L\u2019offre de longue distance s\u2019applique sur les d\u00e9m\u00e9nagements de plus de 900 kg (2000 lb) et\/ou d\u2019un minimum de 6 heures.\u00a0Cette offre n\u2019est pas disponible au Saskatchewan.\u00a0Les membres qui d\u00e9m\u00e9nagent aux \u00c9tats-Unis (excluant Hawa\u00ef et Porto Rico) obtiennent un rabais de\u00a0200$ sur leur facture au lieu de la remise en Dollars CAA.\u00a0<\/em><\/p>\n<p><em><sup>3<\/sup>\u00a0Cet avantage est offert seulement lors des d\u00e9m\u00e9nagements de courte distance.<\/em><\/p>\n<p><em><sup>4<\/sup>\u00a0La garantie d\u2019\u00e9galit\u00e9 des prix s\u2019applique aux tarifs affich\u00e9s par les d\u00e9m\u00e9nageurs suivants seulement : Atlas, North American, Allied, United et Mayflower. (Les prix doivent \u00eatre\u00a0indiqu\u00e9s\u00a0par \u00e9crit par le\u00a0concurrent).<\/em><\/p>\n<p><em>Les prix doivent \u00eatre\u00a0indiqu\u00e9s\u00a0par \u00e9crit par le\u00a0concurrent.\u00a0<\/em><\/p>\n<p><em>CAA-Qu\u00e9bec et ses partenaires se r\u00e9servent le droit de modifier ou de r\u00e9silier les services et avantages en tout temps, en tout ou en partie, et ce, sans pr\u00e9avis.<\/em><\/p>\n<\/div>\n<\/div>\n                          <div class=\"stats-row__stats\">\n                          <div class=\"stats-row__stat\">\n                <div class=\"amj-line\"><\/div>\n                <span>10,000<\/span>\n                <span>d\u00e9m\u00e9nagements CAA<\/span>\n              <\/div>\n                          <div class=\"stats-row__stat\">\n                <div class=\"amj-line\"><\/div>\n                <span>8,000,000<\/span>\n                <span> dollars \u00e9conomis\u00e9s<\/span>\n              <\/div>\n                          <div class=\"stats-row__stat\">\n                <div class=\"amj-line\"><\/div>\n                <span>1,000,000<\/span>\n                <span> dollars CAA gagn\u00e9s<\/span>\n              <\/div>\n                          <div class=\"stats-row__stat\">\n                <div class=\"amj-line\"><\/div>\n                <span>=<\/span>\n                <span> partenariat r\u00e9ussi<\/span>\n              <\/div>\n                      <\/div>\n              <\/div>\n    <\/div>\n  <\/div>\n<\/section>\n\n\n<section class=\"section testimonial-splash testimonial-splash--image\">\n    <div class=\"row\">\n        <div class=\"column\">\n                          <div class=\"testimonial-splash__inner\">\n                                  <div class=\"testimonial-splash__manager show-for-medium\">\n                                          <img  data-src=\"https:\/\/amj.com\/wp-content\/uploads\/2020\/09\/Frappier_Pierre_8147-1@2x.jpg\" data-srcset=\"https:\/\/amj.com\/wp-content\/uploads\/2020\/09\/Frappier_Pierre_8147-1@2x.jpg 1x\" alt=\"\" class=\"lazy\" loading=\"lazy\">\n                                                              <p>Pierre Frappier<\/p>\n                      <p>Pr\u00e9sident<\/p>\n                                      <\/div>\n                                                  <div class=\"testimonial-splash__content\">\n                    <img decoding=\"async\" data-src=\"https:\/\/amj.com\/wp-content\/themes\/amj-2020\/dist\/images\/blue-quote_5b09fd7f.svg\" alt=\"\" src=\"data:image\/svg+xml;base64,PHN2ZyB3aWR0aD0iMSIgaGVpZ2h0PSIxIiB4bWxucz0iaHR0cDovL3d3dy53My5vcmcvMjAwMC9zdmciPjwvc3ZnPg==\" class=\"lazyload\">\n                    <h2>CAA est l&rsquo;un de nos partenariats les plus pr\u00e9cieux<\/h2>\n                  <\/div>\n                              <\/div>\n                    <\/div>\n    <\/div>\n            <div class=\"testimonial-splash__image\">\n          <img decoding=\"async\" data-src=\"https:\/\/amj.com\/wp-content\/uploads\/2020\/09\/AMJ_Background_Parallax_Full_2.png\" alt=\"Toronto West Movers\" aria-role=\"presentation\" role=\"presentation\" src=\"data:image\/svg+xml;base64,PHN2ZyB3aWR0aD0iMSIgaGVpZ2h0PSIxIiB4bWxucz0iaHR0cDovL3d3dy53My5vcmcvMjAwMC9zdmciPjwvc3ZnPg==\" class=\"lazyload\" style=\"--smush-placeholder-width: 1440px; --smush-placeholder-aspect-ratio: 1440\/944;\">\n        <\/div>\n    <\/section>\n  <div class=\"testimonial-splash__manager hide-for-medium\">\n          <img  data-src=\"https:\/\/amj.com\/wp-content\/uploads\/2020\/09\/Frappier_Pierre_8147-1@2x.jpg\" data-srcset=\"https:\/\/amj.com\/wp-content\/uploads\/2020\/09\/Frappier_Pierre_8147-1@2x.jpg 1x\" alt=\"\" class=\"lazy\" loading=\"lazy\">\n              <p>Pierre Frappier<\/p>\n      <p>Pr\u00e9sident<\/p>\n      <\/div>\n\n\n<section class=\"section footer-cta  footer-cta--box \">\n        <div class=\"row\">\n      <div class=\"column\">\n        <div class=\"footer-cta__box footer-cta__box--two footer-cta__box--or \">\n          <div class=\"footer-cta__cta\">\n                                      <h2 class=\"like-h4\">Like to speak to sales?<br \/>\r\n1 888 AMJ (265-6683)<\/h2>\n                                                                        <\/div>\n                                    <div class=\"footer-cta__or\">\n                <span class=\"like-h5\">or<\/span>\n              <\/div>\n              <div class=\"footer-cta__icon\">\n                <img decoding=\"async\" data-src=\"https:\/\/amj.com\/wp-content\/themes\/amj-2020\/dist\/images\/hand-truck--blue_976be37c.svg\" alt=\"\" src=\"data:image\/svg+xml;base64,PHN2ZyB3aWR0aD0iMSIgaGVpZ2h0PSIxIiB4bWxucz0iaHR0cDovL3d3dy53My5vcmcvMjAwMC9zdmciPjwvc3ZnPg==\" class=\"lazyload\">\n              <\/div>\n                        <div class=\"footer-cta__cta\">\n                                            <h2 class=\"like-h4\">Get a free estimate<br \/>\r\nit takes only 5 minutes!<\/h2>\n                                                          <a class=\"amj-btn amj-btn--arrow\"  href=\"\/get-a-quote\">Get a <span class=\"link-end\">Quote <i class=\"fas fa-arrow-right\"><\/i><\/span><\/a>\r\n  \r\n                          <\/div>\n                  <\/div>\n      <\/div>\n    <\/div>\n  <\/section>\n","protected":false},"excerpt":{"rendered":"","protected":false},"author":6,"featured_media":0,"parent":0,"menu_order":0,"comment_status":"closed","ping_status":"closed","template":"","meta":{"_acf_changed":false,"footnotes":""},"class_list":["post-6881","page","type-page","status-publish","hentry"],"acf":[],"yoast_head":"<!-- This site is optimized with the Yoast SEO Premium plugin v25.2 (Yoast SEO v27.4) - https:\/\/yoast.com\/product\/yoast-seo-premium-wordpress\/ -->\n<title>CAA - Canada&#039;s #1 Moving Company | Stress-Free Moving Services<\/title>\n<meta name=\"robots\" content=\"index, follow, max-snippet:-1, max-image-preview:large, max-video-preview:-1\" \/>\n<link rel=\"canonical\" href=\"https:\/\/amj.com\/fr\/caa\/\" \/>\n<meta property=\"og:locale\" content=\"fr_FR\" \/>\n<meta property=\"og:type\" content=\"article\" \/>\n<meta property=\"og:title\" content=\"CAA\" \/>\n<meta property=\"og:url\" content=\"https:\/\/amj.com\/fr\/caa\/\" \/>\n<meta property=\"og:site_name\" content=\"Canada&#039;s #1 Moving Company | Stress-Free Moving Services\" \/>\n<meta property=\"article:publisher\" content=\"https:\/\/www.facebook.com\/AMJCampbellMoving\/\" \/>\n<meta property=\"article:modified_time\" content=\"2021-09-27T21:04:53+00:00\" \/>\n<meta name=\"twitter:card\" content=\"summary_large_image\" \/>\n<meta name=\"twitter:site\" content=\"@amjcampbell\" \/>\n<script type=\"application\/ld+json\" class=\"yoast-schema-graph\">{\"@context\":\"https:\\\/\\\/schema.org\",\"@graph\":[{\"@type\":\"WebPage\",\"@id\":\"https:\\\/\\\/amj.com\\\/fr\\\/caa\\\/\",\"url\":\"https:\\\/\\\/amj.com\\\/fr\\\/caa\\\/\",\"name\":\"CAA - Canada&#039;s #1 Moving Company | Stress-Free Moving Services\",\"isPartOf\":{\"@id\":\"https:\\\/\\\/amj.com\\\/fr\\\/#website\"},\"datePublished\":\"2021-09-20T16:37:21+00:00\",\"dateModified\":\"2021-09-27T21:04:53+00:00\",\"breadcrumb\":{\"@id\":\"https:\\\/\\\/amj.com\\\/fr\\\/caa\\\/#breadcrumb\"},\"inLanguage\":\"fr-FR\",\"potentialAction\":[{\"@type\":\"ReadAction\",\"target\":[\"https:\\\/\\\/amj.com\\\/fr\\\/caa\\\/\"]}]},{\"@type\":\"BreadcrumbList\",\"@id\":\"https:\\\/\\\/amj.com\\\/fr\\\/caa\\\/#breadcrumb\",\"itemListElement\":[{\"@type\":\"ListItem\",\"position\":1,\"name\":\"Home\",\"item\":\"https:\\\/\\\/amj.com\\\/fr\\\/\"},{\"@type\":\"ListItem\",\"position\":2,\"name\":\"CAA\"}]},{\"@type\":\"WebSite\",\"@id\":\"https:\\\/\\\/amj.com\\\/fr\\\/#website\",\"url\":\"https:\\\/\\\/amj.com\\\/fr\\\/\",\"name\":\"AMJ MOVE - CANADA'S LARGEST MOVER\",\"description\":\"Make Your Best Move\",\"publisher\":{\"@id\":\"https:\\\/\\\/amj.com\\\/fr\\\/#organization\"},\"potentialAction\":[{\"@type\":\"SearchAction\",\"target\":{\"@type\":\"EntryPoint\",\"urlTemplate\":\"https:\\\/\\\/amj.com\\\/fr\\\/?s={search_term_string}\"},\"query-input\":{\"@type\":\"PropertyValueSpecification\",\"valueRequired\":true,\"valueName\":\"search_term_string\"}}],\"inLanguage\":\"fr-FR\"},{\"@type\":\"Organization\",\"@id\":\"https:\\\/\\\/amj.com\\\/fr\\\/#organization\",\"name\":\"AMJ\",\"url\":\"https:\\\/\\\/amj.com\\\/fr\\\/\",\"logo\":{\"@type\":\"ImageObject\",\"inLanguage\":\"fr-FR\",\"@id\":\"https:\\\/\\\/amj.com\\\/fr\\\/#\\\/schema\\\/logo\\\/image\\\/\",\"url\":\"https:\\\/\\\/amj.com\\\/wp-content\\\/uploads\\\/2020\\\/09\\\/LOGO_NEW_EN.svg\",\"contentUrl\":\"https:\\\/\\\/amj.com\\\/wp-content\\\/uploads\\\/2020\\\/09\\\/LOGO_NEW_EN.svg\",\"width\":1,\"height\":1,\"caption\":\"AMJ\"},\"image\":{\"@id\":\"https:\\\/\\\/amj.com\\\/fr\\\/#\\\/schema\\\/logo\\\/image\\\/\"},\"sameAs\":[\"https:\\\/\\\/www.facebook.com\\\/AMJCampbellMoving\\\/\",\"https:\\\/\\\/x.com\\\/amjcampbell\",\"https:\\\/\\\/www.instagram.com\\\/amjcampbell\\\/\",\"https:\\\/\\\/www.linkedin.com\\\/company\\\/amjcampbell\\\/\",\"https:\\\/\\\/www.youtube.com\\\/c\\\/AmjtorontomovingOnt\\\/\"]}]}<\/script>\n<!-- \/ Yoast SEO Premium plugin. -->","yoast_head_json":{"title":"CAA - Canada&#039;s #1 Moving Company | Stress-Free Moving Services","robots":{"index":"index","follow":"follow","max-snippet":"max-snippet:-1","max-image-preview":"max-image-preview:large","max-video-preview":"max-video-preview:-1"},"canonical":"https:\/\/amj.com\/fr\/caa\/","og_locale":"fr_FR","og_type":"article","og_title":"CAA","og_url":"https:\/\/amj.com\/fr\/caa\/","og_site_name":"Canada&#039;s #1 Moving Company | Stress-Free Moving Services","article_publisher":"https:\/\/www.facebook.com\/AMJCampbellMoving\/","article_modified_time":"2021-09-27T21:04:53+00:00","twitter_card":"summary_large_image","twitter_site":"@amjcampbell","schema":{"@context":"https:\/\/schema.org","@graph":[{"@type":"WebPage","@id":"https:\/\/amj.com\/fr\/caa\/","url":"https:\/\/amj.com\/fr\/caa\/","name":"CAA - Canada&#039;s #1 Moving Company | Stress-Free Moving Services","isPartOf":{"@id":"https:\/\/amj.com\/fr\/#website"},"datePublished":"2021-09-20T16:37:21+00:00","dateModified":"2021-09-27T21:04:53+00:00","breadcrumb":{"@id":"https:\/\/amj.com\/fr\/caa\/#breadcrumb"},"inLanguage":"fr-FR","potentialAction":[{"@type":"ReadAction","target":["https:\/\/amj.com\/fr\/caa\/"]}]},{"@type":"BreadcrumbList","@id":"https:\/\/amj.com\/fr\/caa\/#breadcrumb","itemListElement":[{"@type":"ListItem","position":1,"name":"Home","item":"https:\/\/amj.com\/fr\/"},{"@type":"ListItem","position":2,"name":"CAA"}]},{"@type":"WebSite","@id":"https:\/\/amj.com\/fr\/#website","url":"https:\/\/amj.com\/fr\/","name":"AMJ MOVE - CANADA'S LARGEST MOVER","description":"Make Your Best Move","publisher":{"@id":"https:\/\/amj.com\/fr\/#organization"},"potentialAction":[{"@type":"SearchAction","target":{"@type":"EntryPoint","urlTemplate":"https:\/\/amj.com\/fr\/?s={search_term_string}"},"query-input":{"@type":"PropertyValueSpecification","valueRequired":true,"valueName":"search_term_string"}}],"inLanguage":"fr-FR"},{"@type":"Organization","@id":"https:\/\/amj.com\/fr\/#organization","name":"AMJ","url":"https:\/\/amj.com\/fr\/","logo":{"@type":"ImageObject","inLanguage":"fr-FR","@id":"https:\/\/amj.com\/fr\/#\/schema\/logo\/image\/","url":"https:\/\/amj.com\/wp-content\/uploads\/2020\/09\/LOGO_NEW_EN.svg","contentUrl":"https:\/\/amj.com\/wp-content\/uploads\/2020\/09\/LOGO_NEW_EN.svg","width":1,"height":1,"caption":"AMJ"},"image":{"@id":"https:\/\/amj.com\/fr\/#\/schema\/logo\/image\/"},"sameAs":["https:\/\/www.facebook.com\/AMJCampbellMoving\/","https:\/\/x.com\/amjcampbell","https:\/\/www.instagram.com\/amjcampbell\/","https:\/\/www.linkedin.com\/company\/amjcampbell\/","https:\/\/www.youtube.com\/c\/AmjtorontomovingOnt\/"]}]}},"_links":{"self":[{"href":"https:\/\/amj.com\/fr\/wp-json\/wp\/v2\/pages\/6881","targetHints":{"allow":["GET"]}}],"collection":[{"href":"https:\/\/amj.com\/fr\/wp-json\/wp\/v2\/pages"}],"about":[{"href":"https:\/\/amj.com\/fr\/wp-json\/wp\/v2\/types\/page"}],"author":[{"embeddable":true,"href":"https:\/\/amj.com\/fr\/wp-json\/wp\/v2\/users\/6"}],"replies":[{"embeddable":true,"href":"https:\/\/amj.com\/fr\/wp-json\/wp\/v2\/comments?post=6881"}],"version-history":[{"count":0,"href":"https:\/\/amj.com\/fr\/wp-json\/wp\/v2\/pages\/6881\/revisions"}],"wp:attachment":[{"href":"https:\/\/amj.com\/fr\/wp-json\/wp\/v2\/media?parent=6881"}],"curies":[{"name":"wp","href":"https:\/\/api.w.org\/{rel}","templated":true}]}}